{"id":76,"date":"2016-09-08T12:17:24","date_gmt":"2016-09-08T10:17:24","guid":{"rendered":"http:\/\/www.innowacje.psoni.org.pl\/?page_id=76"},"modified":"2017-04-03T10:28:34","modified_gmt":"2017-04-03T08:28:34","slug":"procedury-grantowe","status":"publish","type":"page","link":"http:\/\/www.innowacje.psoni.org.pl\/index.php\/procedury-grantowe\/","title":{"rendered":"Procedury grantowe"},"content":{"rendered":"<p><!--more--><\/p>\n<h2>Dzia\u0142asz aktywnie w obszarze &#8222;Us\u0142ug opieku\u0144czych dla os\u00f3b niepe\u0142nosprawnych&#8221;?<\/h2>\n<p>Masz ciekawe i nowatorskie pomys\u0142y, ale nigdy nie by\u0142o okazji i pieni\u0119dzy by sprawdzi\u0107 je w praktyce?<\/p>\n<p>Mamy rozwi\u0105zanie!<\/p>\n<p>Zg\u0142o\u015b si\u0119 do Polskiego Stowarzyszenia na rzecz Os\u00f3b Niepe\u0142nosprawnych Intelektualnie (PSONI) a masz szans\u0119 na uzyskanie do <strong>60 000 z\u0142otych na przetestowanie swojego pomys\u0142u<\/strong>. Otrzymasz kompleksowe wsparcie ju\u017c na etapie aplikowania w konkursie.<\/p>\n<p>Zapoznaj si\u0119 ze \u015bcie\u017ck\u0105 uzyskania grantu krok po kroku.<\/p>\n<p><img decoding=\"async\" loading=\"lazy\" class=\"aligncenter wp-image-108 size-full\" src=\"http:\/\/www.innowacje.psoni.org.pl\/wp-content\/uploads\/2016\/09\/MAPA_DROGOWA.png\" alt=\"mapa_drogowa\" width=\"748\" height=\"890\" srcset=\"http:\/\/www.innowacje.psoni.org.pl\/wp-content\/uploads\/2016\/09\/MAPA_DROGOWA.png 748w, http:\/\/www.innowacje.psoni.org.pl\/wp-content\/uploads\/2016\/09\/MAPA_DROGOWA-252x300.png 252w\" sizes=\"(max-width: 748px) 100vw, 748px\" \/><\/p>\n<h3>Wszystkich potencjalnych innowator\u00f3w spo\u0142ecznych zapraszamy do zapoznania si\u0119 z dokumentacj\u0105 konkursow\u0105:<\/h3>\n<ul>\n<li><a href=\"http:\/\/www.innowacje.psoni.org.pl\/wp-content\/uploads\/2016\/09\/Procedury_realizacji-projektu.pdf\">Procedury realizacji projektu grantowego<\/a> (obowi\u0105zuj\u0105ce do dnia 8.03.2017 r.)<\/li>\n<li><a href=\"http:\/\/www.innowacje.psoni.org.pl\/wp-content\/uploads\/2017\/04\/Procedury_grantowe_zaktualizowane.pdf\">Procedury realizacji projektu grantowego<\/a> <strong>(obowi\u0105zuj\u0105ce od dnia 9.03.2017 r.)<\/strong><\/li>\n<li><a href=\"http:\/\/www.innowacje.psoni.org.pl\/wp-content\/uploads\/2016\/09\/Instrukcja-wype\u0142niania-wniosku.pdf\">Instrukcja sk\u0142adania wniosku<\/a><\/li>\n<li><a href=\"http:\/\/www.innowacje.psoni.org.pl\/wp-content\/uploads\/2016\/09\/Wz\u00f3r-wniosku_OSOBA_FIZYCZNA.pdf\">Formularz wniosku dla os\u00f3b fizycznych<\/a><\/li>\n<li><a href=\"http:\/\/www.innowacje.psoni.org.pl\/wp-content\/uploads\/2016\/09\/Wz\u00f3r-wniosku_OSOBA_PRAWNA.pdf\">Formularz wniosku dla os\u00f3b prawnych<\/a><\/li>\n<li><a href=\"http:\/\/www.innowacje.psoni.org.pl\/wp-content\/uploads\/2016\/09\/Wz\u00f3r-karty-oceny-formalnej.pdf\">Karta oceny formalnej<\/a><\/li>\n<li><a href=\"http:\/\/www.innowacje.psoni.org.pl\/wp-content\/uploads\/2016\/09\/Wz\u00f3r-karty-oceny-merytorycznej.pdf\">Karta oceny merytorycznej<\/a><\/li>\n<li><a href=\"http:\/\/www.innowacje.psoni.org.pl\/wp-content\/uploads\/2016\/09\/Wz\u00f3r-specyfikacji-innowacji-spo\u0142ecznej.pdf\">Specyfikacja innowacji spo\u0142ecznej<\/a><\/li>\n<li><a href=\"http:\/\/www.innowacje.psoni.org.pl\/wp-content\/uploads\/2017\/04\/Zalacznik_6_-_Specyfikacja_innowacji_spolecznej.zip\">Specyfikacja innowacji spo\u0142ecznej (wersja edytowalna)<\/a><\/li>\n<li><a href=\"http:\/\/www.innowacje.psoni.org.pl\/wp-content\/uploads\/2016\/09\/Wz\u00f3r-deklaracji-udzia\u0142u-w-projekcie_OSOBA_FIZYCZNA.pdf\">Deklaracja udzia\u0142u w projekcie dla osoby fizycznej<\/a><\/li>\n<li><a href=\"http:\/\/www.innowacje.psoni.org.pl\/wp-content\/uploads\/2016\/09\/Wz\u00f3r-deklaracji-udzia\u0142u-w-projekcie_OSOBA_PRAWNA.pdf\">Deklaracja udzia\u0142u w projekcie dla osoby prawnej<\/a><\/li>\n<li><a href=\"http:\/\/www.innowacje.psoni.org.pl\/wp-content\/uploads\/2016\/09\/Wz\u00f3r-umowy-o-dofinansowanie.pdf\">Wz\u00f3r umowy o\u00a0przyznanie grantu<\/a><\/li>\n<li><a href=\"http:\/\/www.innowacje.psoni.org.pl\/wp-content\/uploads\/2016\/09\/Wz\u00f3r-weksla.pdf\">Wz\u00f3r weksla<\/a><\/li>\n<li><a href=\"http:\/\/www.innowacje.psoni.org.pl\/wp-content\/uploads\/2016\/09\/Wz\u00f3r-wniosku-o-zmian\u0119-w-przeznaczenia-grantu.pdf\">Wniosek o zmian\u0119 we wniosku o przyznanie grantu<\/a><\/li>\n<li><a href=\"http:\/\/www.innowacje.psoni.org.pl\/wp-content\/uploads\/2016\/09\/Wz\u00f3r-sprawozdania-wraz-z-o\u015bwiadczeniami.pdf\">Sprawozdanie z testowania innowacji spo\u0142ecznej<\/a><\/li>\n<\/ul>\n<p>&nbsp;<\/p>\n<p>&nbsp;<\/p>\n","protected":false},"excerpt":{"rendered":"","protected":false},"author":1,"featured_media":0,"parent":0,"menu_order":0,"comment_status":"closed","ping_status":"closed","template":"","meta":[],"_links":{"self":[{"href":"http:\/\/www.innowacje.psoni.org.pl\/index.php\/wp-json\/wp\/v2\/pages\/76"}],"collection":[{"href":"http:\/\/www.innowacje.psoni.org.pl\/index.php\/wp-json\/wp\/v2\/pages"}],"about":[{"href":"http:\/\/www.innowacje.psoni.org.pl\/index.php\/wp-json\/wp\/v2\/types\/page"}],"author":[{"embeddable":true,"href":"http:\/\/www.innowacje.psoni.org.pl\/index.php\/wp-json\/wp\/v2\/users\/1"}],"replies":[{"embeddable":true,"href":"http:\/\/www.innowacje.psoni.org.pl\/index.php\/wp-json\/wp\/v2\/comments?post=76"}],"version-history":[{"count":12,"href":"http:\/\/www.innowacje.psoni.org.pl\/index.php\/wp-json\/wp\/v2\/pages\/76\/revisions"}],"predecessor-version":[{"id":499,"href":"http:\/\/www.innowacje.psoni.org.pl\/index.php\/wp-json\/wp\/v2\/pages\/76\/revisions\/499"}],"wp:attachment":[{"href":"http:\/\/www.innowacje.psoni.org.pl\/index.php\/wp-json\/wp\/v2\/media?parent=76"}],"curies":[{"name":"wp","href":"https:\/\/api.w.org\/{rel}","templated":true}]}}