{"id":550,"date":"2018-04-17T21:50:21","date_gmt":"2018-04-17T19:50:21","guid":{"rendered":"http:\/\/www.innowacje.psoni.org.pl\/?page_id=550"},"modified":"2018-04-25T20:52:00","modified_gmt":"2018-04-25T18:52:00","slug":"prawa-konsumenckie-i-urzedy-pracy","status":"publish","type":"page","link":"http:\/\/www.innowacje.psoni.org.pl\/index.php\/innowacje-spoleczne\/prawa-konsumenckie-i-urzedy-pracy\/","title":{"rendered":"Prawa konsumenckie i Urz\u0119dy Pracy"},"content":{"rendered":"<div class=\"bt\">\n<div class=\"bbox2\">\n<h2>Ochrona praw konsument\u00f3w<br \/>\nz niepe\u0142nosprawno\u015bciami<\/h2>\n<p><a href=\"http:\/\/www.innowacje.psoni.org.pl\/index.php\/innowacje-spoleczne\/prawa-konsumenckie-i-urzedy-pracy\/ochrona-praw-konsumentow-z-niepelnosprawnosciami\/\">WI\u0118CEJ<\/a><\/p>\n<\/div>\n<div class=\"bbox2\">\n<h2>Urz\u0105d pracy dost\u0119pny dla os\u00f3b<br \/>\nz niepe\u0142nosprawno\u015bci\u0105 intelektualn\u0105<\/h2>\n<p><a href=\"http:\/\/www.innowacje.psoni.org.pl\/index.php\/innowacje-spoleczne\/prawa-konsumenckie-i-urzedy-pracy\/urzad-pracy-dostepny-dla-osob-z-niepelnosprawnoscia-intelektualna\/\">WI\u0118CEJ<\/a><\/p>\n<\/div>\n<div style=\"clear: both;\"><\/div>\n<\/div>\n","protected":false},"excerpt":{"rendered":"<p>Ochrona praw konsument\u00f3w z niepe\u0142nosprawno\u015bciami WI\u0118CEJ Urz\u0105d pracy dost\u0119pny dla os\u00f3b z niepe\u0142nosprawno\u015bci\u0105 intelektualn\u0105 WI\u0118CEJ<\/p>\n","protected":false},"author":1,"featured_media":0,"parent":519,"menu_order":0,"comment_status":"open","ping_status":"closed","template":"","meta":[],"_links":{"self":[{"href":"http:\/\/www.innowacje.psoni.org.pl\/index.php\/wp-json\/wp\/v2\/pages\/550"}],"collection":[{"href":"http:\/\/www.innowacje.psoni.org.pl\/index.php\/wp-json\/wp\/v2\/pages"}],"about":[{"href":"http:\/\/www.innowacje.psoni.org.pl\/index.php\/wp-json\/wp\/v2\/types\/page"}],"author":[{"embeddable":true,"href":"http:\/\/www.innowacje.psoni.org.pl\/index.php\/wp-json\/wp\/v2\/users\/1"}],"replies":[{"embeddable":true,"href":"http:\/\/www.innowacje.psoni.org.pl\/index.php\/wp-json\/wp\/v2\/comments?post=550"}],"version-history":[{"count":5,"href":"http:\/\/www.innowacje.psoni.org.pl\/index.php\/wp-json\/wp\/v2\/pages\/550\/revisions"}],"predecessor-version":[{"id":608,"href":"http:\/\/www.innowacje.psoni.org.pl\/index.php\/wp-json\/wp\/v2\/pages\/550\/revisions\/608"}],"up":[{"embeddable":true,"href":"http:\/\/www.innowacje.psoni.org.pl\/index.php\/wp-json\/wp\/v2\/pages\/519"}],"wp:attachment":[{"href":"http:\/\/www.innowacje.psoni.org.pl\/index.php\/wp-json\/wp\/v2\/media?parent=550"}],"curies":[{"name":"wp","href":"https:\/\/api.w.org\/{rel}","templated":true}]}}