{"id":542,"date":"2018-04-17T21:46:04","date_gmt":"2018-04-17T19:46:04","guid":{"rendered":"http:\/\/www.innowacje.psoni.org.pl\/?page_id=542"},"modified":"2018-04-25T20:51:47","modified_gmt":"2018-04-25T18:51:47","slug":"narzedzia-pracy-dla-opiekunow","status":"publish","type":"page","link":"http:\/\/www.innowacje.psoni.org.pl\/index.php\/innowacje-spoleczne\/narzedzia-pracy-dla-opiekunow\/","title":{"rendered":"Narz\u0119dzia pracy dla opiekun\u00f3w"},"content":{"rendered":"<div class=\"bt\">\n<div class=\"bbox3\">\n<h2>Seksualno\u015b\u0107 os\u00f3b z niepe\u0142nosprawno\u015bci\u0105 intelektualn\u0105<\/h2>\n<p><a href=\"http:\/\/www.innowacje.psoni.org.pl\/index.php\/innowacje-spoleczne\/narzedzia-pracy-dla-opiekunow\/seksualnosc-osob-z-niepelnosprawnoscia-intelektualna\/\">WI\u0118CEJ<\/a><\/p>\n<\/div>\n<div class=\"bbox3\">\n<h2>Daleko zajdziesz \u2013 swobodne poruszanie<br \/>\nsi\u0119 os\u00f3b<br \/>\nz niepe\u0142nosprawno\u015bci\u0105 intelektualn\u0105 dzi\u0119ki nowym technologiom<\/h2>\n<p><a href=\"http:\/\/www.innowacje.psoni.org.pl\/index.php\/innowacje-spoleczne\/narzedzia-pracy-dla-opiekunow\/daleko-zajdziesz-swobodne-poruszanie-sie-osob-z-niepelnosprawnoscia-intelektualna-dzieki-nowym-technologiom\/\">WI\u0118CEJ<\/a><\/p>\n<\/div>\n<div class=\"bbox3\">\n<h2>AAC-owy asystent<\/h2>\n<p><a href=\"http:\/\/www.innowacje.psoni.org.pl\/index.php\/innowacje-spoleczne\/narzedzia-pracy-dla-opiekunow\/aac-owy-asystent\/\">WI\u0118CEJ<\/a><\/p>\n<\/div>\n<div style=\"clear: both;\"><\/div>\n<\/div>\n","protected":false},"excerpt":{"rendered":"<p>Seksualno\u015b\u0107 os\u00f3b z niepe\u0142nosprawno\u015bci\u0105 intelektualn\u0105 WI\u0118CEJ Daleko zajdziesz \u2013 swobodne poruszanie si\u0119 os\u00f3b z niepe\u0142nosprawno\u015bci\u0105 intelektualn\u0105 dzi\u0119ki nowym technologiom WI\u0118CEJ AAC-owy asystent WI\u0118CEJ<\/p>\n","protected":false},"author":1,"featured_media":0,"parent":519,"menu_order":0,"comment_status":"open","ping_status":"closed","template":"","meta":[],"_links":{"self":[{"href":"http:\/\/www.innowacje.psoni.org.pl\/index.php\/wp-json\/wp\/v2\/pages\/542"}],"collection":[{"href":"http:\/\/www.innowacje.psoni.org.pl\/index.php\/wp-json\/wp\/v2\/pages"}],"about":[{"href":"http:\/\/www.innowacje.psoni.org.pl\/index.php\/wp-json\/wp\/v2\/types\/page"}],"author":[{"embeddable":true,"href":"http:\/\/www.innowacje.psoni.org.pl\/index.php\/wp-json\/wp\/v2\/users\/1"}],"replies":[{"embeddable":true,"href":"http:\/\/www.innowacje.psoni.org.pl\/index.php\/wp-json\/wp\/v2\/comments?post=542"}],"version-history":[{"count":9,"href":"http:\/\/www.innowacje.psoni.org.pl\/index.php\/wp-json\/wp\/v2\/pages\/542\/revisions"}],"predecessor-version":[{"id":607,"href":"http:\/\/www.innowacje.psoni.org.pl\/index.php\/wp-json\/wp\/v2\/pages\/542\/revisions\/607"}],"up":[{"embeddable":true,"href":"http:\/\/www.innowacje.psoni.org.pl\/index.php\/wp-json\/wp\/v2\/pages\/519"}],"wp:attachment":[{"href":"http:\/\/www.innowacje.psoni.org.pl\/index.php\/wp-json\/wp\/v2\/media?parent=542"}],"curies":[{"name":"wp","href":"https:\/\/api.w.org\/{rel}","templated":true}]}}