{"id":540,"date":"2018-04-17T21:42:20","date_gmt":"2018-04-17T19:42:20","guid":{"rendered":"http:\/\/www.innowacje.psoni.org.pl\/?page_id=540"},"modified":"2018-07-03T14:34:08","modified_gmt":"2018-07-03T12:34:08","slug":"animacja-droga-do-samodzielnosci-osob-z-niepelnosprawnosciami","status":"publish","type":"page","link":"http:\/\/www.innowacje.psoni.org.pl\/index.php\/innowacje-spoleczne\/uslugi-opiekunczo-asystenckie\/animacja-droga-do-samodzielnosci-osob-z-niepelnosprawnosciami\/","title":{"rendered":"Animacja drog\u0105 do samodzielno\u015bci os\u00f3b z niepe\u0142nosprawno\u015bciami"},"content":{"rendered":"<p><strong>Innowacja testowana pod nazw\u0105<\/strong><\/p>\n<p>Masz wsp\u0142yw na w\u0142asne \u017cycie \u2013 animacja drog\u0105 do samodzielno\u015bci<\/p>\n<p><strong>Kategoria<\/strong><\/p>\n<p>Us\u0142ugi opieku\u0144czo-asystenckie<\/p>\n<p><strong>Innowator<\/strong><\/p>\n<p>Miasto i Gmina Sztum\/Miejsko-Gminny O\u015brodek Pomocy Spo\u0142ecznej w Sztumie<\/p>\n<p><strong>Kr\u00f3tki opis innowacji<\/strong><\/p>\n<p>Kluczowym elementem innowacji spo\u0142ecznej jest zaanga\u017cowanie animatora jako integratora us\u0142ug dla os\u00f3b z nioepe\u0142nosprawno\u015bciami oraz ich \u015brodowiska. Jego zadaniem jest wsparcie tej osoby w codziennym funkcjonowaniu, m.in. w za\u0142atwianiu spraw urz\u0119dowych, robieniu zakup\u00f3w, poszukiwaniu niezb\u0119dnych informacji, wsp\u00f3lnym przygotowywaniu posi\u0142k\u00f3w oraz kszta\u0142towaniu umiej\u0119tno\u015bci organizacji czasu wolnego.<\/p>\n<p><strong>Potencjalni u\u017cytkownicy<\/strong><\/p>\n<p>Innowacja przeznaczona jest g\u0142\u00f3wnie dla o\u015brodk\u00f3w pomocy spo\u0142ecznej lub te\u017c podmiot\u00f3w realizuj\u0105cych zadania z zakresu pomocy spo\u0142ecznej, kt\u00f3re s\u0105 kontraktowane przez samorz\u0105dy.<\/p>\n<p><strong>Szczeg\u00f3\u0142owy opis innowacji<\/strong><\/p>\n<p>Celem innowacji spo\u0142ecznej jest uzupe\u0142nianie oraz wzmacnianie dotychczasowych dzia\u0142a\u0144 na rzecz os\u00f3b z niepe\u0142nosprawno\u015bciami. Kluczowym elementem innowacji jest animator osoby z niepe\u0142nosprawno\u015bci\u0105. Zadaniem animatora jest wsparcie osoby w codziennym funkcjonowaniu, m.in. w za\u0142atwianiu spraw urz\u0119dowych, robieniu zakup\u00f3w, poszukiwaniu niezb\u0119dnych informacji, wsp\u00f3lnym przygotowywaniu posi\u0142k\u00f3w oraz kszta\u0142towaniu umiej\u0119tno\u015bci organizacji czasu wolnego. Wymiar oferowanego przez niego wsparcia by\u0142 stopniowo zmniejszany w skali miesiaca, po to aby osoba z niepe\u0142nosprawno\u015bci\u0105 mog\u0142a korzysta\u0107 z wi\u0119kszej swobody w codziennym funkcjonowaniu. Jednocze\u015bnie wsparcie animatora w mniejszym wymiarze czasu pozwala\u0142o zapewni\u0107 poczucie pewno\u015bci i wsparcia w pojawiaj\u0105cych si\u0119 trudnych sytuacjach. Zadaniem animatora by\u0142o r\u00f3wnie\u017c organizowanie i wdra\u017canie pomocy s\u0105siedzkiej. Dodatkowo odbywa\u0142y si\u0119 grupy wsparcia os\u00f3b z niepe\u0142nosprawno\u015bciami prowadzone przy wsparciu animatora-psychologa, kt\u00f3re mia\u0142y na celu nabycie przez osoby z niepe\u0142nosprawno\u015bciami umiej\u0119tno\u015bci nawi\u0105zania wzajemnej relacji. Animatorzy r\u00f3wnie\u017c uczestniczyli w dedykowanych grupach wsparcia, a poprzez rozwi\u0105zanie bie\u017c\u0105cych problem\u00f3w polepszali jako\u015b\u0107 wykonywanej przez nich pracy.<\/p>\n<p><strong>Spos\u00f3b finansowania innowacji<\/strong><\/p>\n<p>Wykorzystanie innowacji to koszt na poziomie 1 000-1 800 z\u0142otych na osob\u0119 miesi\u0119cznie, w zale\u017cno\u015bci od skali wsparcia w danym miesi\u0105cu. W toku uzyskanych wywiad\u00f3w respondenci stwierdzili, \u017ce stawka ta wynika ze znacznej intensywno\u015bci wsparcia &#8211; kt\u00f3ra jest zwi\u0119kszona 3-4\u00a0 krotnie w stosunku do tradycyjnych dzia\u0142a\u0144 OPS.<\/p>\n<p>W celu wdro\u017cenia innowacji niezb\u0119dne jest wprowadzenie elastycznej puli \u015brodk\u00f3w w celu zaspokajania indywidualnych preferencji odbiorc\u00f3w. Finansowanie takich wydatk\u00f3w mo\u017ce by\u0107 realizowane w oparciu o \u015brodki w\u0142asne jednostek, z uwzgl\u0119dnieniem ich wewn\u0119trznych przepis\u00f3w. Mo\u017cliwe jest te\u017c finansowanie innowacji w ramach \u015brodk\u00f3w w\u0142asnych OPS, je\u017celi wynika to ze strategii gmin. Niestety w trybie projektowym trudno jest pozyska\u0107 takie \u015brodki, bowiem na etapie tworzenia projektu wnioskodawca nie zna wydatk\u00f3w, jakie mog\u0105 by\u0107 poniesione. Mo\u017cna jednak ubiega\u0107 si\u0119 o cz\u0119\u015bciowe dofinansowanie ze \u015brodk\u00f3w projektowych PFRON, MRPiPS, \u015brodk\u00f3w EFS lub ASOS.<\/p>\n<p><strong>Materia\u0142y do pobrania<\/strong><\/p>\n<p><a href=\"http:\/\/www.innowacje.psoni.org.pl\/wp-content\/uploads\/2018\/04\/Produkt-finalny-Sztum-1.pdf\" target=\"_blank\" rel=\"noopener\">Produkt finalny<\/a><br \/>\n<a href=\"http:\/\/www.innowacje.psoni.org.pl\/wp-content\/uploads\/2018\/04\/Instrukcja-wdro\u013aeniowa-Sztum-2.pdf\" target=\"_blank\" rel=\"noopener\">Instrukcja wdro\u017ceniowa<\/a><\/p>\n<p>&nbsp;<\/p>\n","protected":false},"excerpt":{"rendered":"<p>Innowacja testowana pod nazw\u0105 Masz wsp\u0142yw na w\u0142asne \u017cycie \u2013 animacja drog\u0105 do samodzielno\u015bci Kategoria Us\u0142ugi opieku\u0144czo-asystenckie Innowator Miasto i Gmina Sztum\/Miejsko-Gminny O\u015brodek Pomocy Spo\u0142ecznej w Sztumie Kr\u00f3tki opis innowacji Kluczowym elementem innowacji spo\u0142ecznej jest zaanga\u017cowanie animatora jako integratora us\u0142ug<\/p>\n","protected":false},"author":1,"featured_media":0,"parent":530,"menu_order":0,"comment_status":"closed","ping_status":"closed","template":"","meta":[],"_links":{"self":[{"href":"http:\/\/www.innowacje.psoni.org.pl\/index.php\/wp-json\/wp\/v2\/pages\/540"}],"collection":[{"href":"http:\/\/www.innowacje.psoni.org.pl\/index.php\/wp-json\/wp\/v2\/pages"}],"about":[{"href":"http:\/\/www.innowacje.psoni.org.pl\/index.php\/wp-json\/wp\/v2\/types\/page"}],"author":[{"embeddable":true,"href":"http:\/\/www.innowacje.psoni.org.pl\/index.php\/wp-json\/wp\/v2\/users\/1"}],"replies":[{"embeddable":true,"href":"http:\/\/www.innowacje.psoni.org.pl\/index.php\/wp-json\/wp\/v2\/comments?post=540"}],"version-history":[{"count":8,"href":"http:\/\/www.innowacje.psoni.org.pl\/index.php\/wp-json\/wp\/v2\/pages\/540\/revisions"}],"predecessor-version":[{"id":727,"href":"http:\/\/www.innowacje.psoni.org.pl\/index.php\/wp-json\/wp\/v2\/pages\/540\/revisions\/727"}],"up":[{"embeddable":true,"href":"http:\/\/www.innowacje.psoni.org.pl\/index.php\/wp-json\/wp\/v2\/pages\/530"}],"wp:attachment":[{"href":"http:\/\/www.innowacje.psoni.org.pl\/index.php\/wp-json\/wp\/v2\/media?parent=540"}],"curies":[{"name":"wp","href":"https:\/\/api.w.org\/{rel}","templated":true}]}}