{"id":536,"date":"2018-04-17T21:39:08","date_gmt":"2018-04-17T19:39:08","guid":{"rendered":"http:\/\/www.innowacje.psoni.org.pl\/?page_id=536"},"modified":"2018-07-03T14:34:22","modified_gmt":"2018-07-03T12:34:22","slug":"lokalna-siec-samopomocy-osob-z-niepelnosprawnosciami","status":"publish","type":"page","link":"http:\/\/www.innowacje.psoni.org.pl\/index.php\/innowacje-spoleczne\/uslugi-opiekunczo-asystenckie\/lokalna-siec-samopomocy-osob-z-niepelnosprawnosciami\/","title":{"rendered":"Lokalna sie\u0107 samopomocy os\u00f3b z niepe\u0142nosprawno\u015bciami"},"content":{"rendered":"<p><strong>Innowacja testowana pod nazw\u0105<\/strong><\/p>\n<p>Lokalna sie\u0107 samopomocy<\/p>\n<p><strong>Kategoria<\/strong><\/p>\n<p>Us\u0142ugi opieku\u0144czo-asystenckie<\/p>\n<p><strong>Innowator<\/strong><\/p>\n<p>Fundacja Lokalnej Aktywno\u015bci Spo\u0142ecznej<\/p>\n<p><strong>Kr\u00f3tki opis innowacji<\/strong><\/p>\n<p>Innowacja zak\u0142ada wykorzystanie lokalnych zasob\u00f3w do \u015bwiadczenia us\u0142ug asystenckich w spo\u0142eczno\u015bci lokalnej stanowi\u0105cych uzupe\u0142nienie dla dzia\u0142a\u0144 instytucji takich jak \u015brodowiskowe domy samopomocy (\u015aDS). W ramach innowacji mo\u017cliwe jest prowadzenie us\u0142ug wolnego s\u0142uchacza oraz us\u0142ugi integracyjnej, kt\u00f3re maj\u0105 na celu ograniczy\u0107 frustracj\u0119 os\u00f3b oczekuj\u0105cych na miejsce w plac\u00f3wce oraz os\u00f3b pozostaj\u0105cych bez wsparcia, a tak\u017ce umo\u017cliwi\u0107 udzia\u0142 w prowadzonych dzia\u0142aniach aktywizacyjnych i integracyjnych. Wykorzystanie i rozw\u00f3j idei wolontariatu jest uzupe\u0142nieniem systemu wparcia dla os\u00f3b z niepe\u0142nosprawno\u015bciami. Umo\u017cliwia zabezpieczenie potrzeb wi\u0119kszej grupy potrzebuj\u0105cych przy zaanga\u017cowaniu stosunkowo niewielkich \u015brodk\u00f3w finansowych.<\/p>\n<p><strong>Potencjalni u\u017cytkownicy<\/strong><\/p>\n<p>Innowacja mo\u017ce zosta\u0107 wdro\u017cona przez podmioty zajmuj\u0105ce si\u0119:<\/p>\n<ul style=\"margin-bottom: 10px;\">\n<li>us\u0142ugami koordynacji wolontariatu (np. centra wolontariatu),<\/li>\n<li>us\u0142ugami dla os\u00f3b z niepe\u0142nosprawno\u015bciami, w tym w ramach rozwi\u0105za\u0144 wolontarystycznych oraz samopomocowych,<\/li>\n<li>rozwojem form wolontariatu i samopomocy w zakresie potencja\u0142u zainicjowania podobnych rozwi\u0105za\u0144 i\/lub zlecania zada\u0144 organizacjom pozarz\u0105dowym (samorz\u0105dy).<\/li>\n<\/ul>\n<p><strong>Szczeg\u00f3\u0142owy opis innowacji<\/strong><\/p>\n<p>Innowacja obejmuje opracowanie i przetestowanie Lokalnej Sieci Samopomocy &#8211; nisko kosztowego, skutecznego systemu wsparcia dla os\u00f3b z niepe\u0142nosprawno\u015bciami opartego g\u0142\u00f3wnie na wolontariacie. Kluczowym elementem jest utworzenie Centrum Wolontariatu, w ramach kt\u00f3rego s\u0105 \u015bwiadczone us\u0142ugi wzajemne przez osoby z niepe\u0142nosprawno\u015bciami wed\u0142ug idei samopomocy. Innowacja zak\u0142ada z jednej strony aktywizowanie spo\u0142eczno\u015bci lokalnej, w tym przede wszystkim os\u00f3b z niepe\u0142nosprawno\u015bciami obj\u0119tych wsparciem w ramach \u015aDS i Warsztat\u00f3w Terapii Zaj\u0119ciowej (WTZ) w Wisznicach, a z drugiej strony zabezpieczenie potrzeb spo\u0142ecznych os\u00f3b pozostaj\u0105cych bez wsparcia w formie us\u0142ug asystencko-opieku\u0144czych, us\u0142ugi wolnego s\u0142uchacza oraz us\u0142ug integracyjnych.<\/p>\n<p>Kluczowym elementem innowacji by\u0142o utworzenie Centrum Wolontariatu przy \u015aDS w Wisznicach. Centrum tworzone i prowadzone by\u0142o przez osoby z niepe\u0142nosprawno\u015bciami we wsp\u00f3\u0142pracy z mieszka\u0144cami oraz lokalnymi instytucjami i organizacjami.<\/p>\n<p>W ramach centrum powsta\u0142a baza danych wolontariuszy i os\u00f3b potrzebuj\u0105cych wsparcia. Nast\u0119pnie utworzono 15 osobow\u0105 grup\u0119 wsparcia, w kt\u00f3rej minimum 10 os\u00f3b to osoby z niepe\u0142nosprawno\u015bciami, z\u0142o\u017con\u0105 z aktualnych i\/lub by\u0142ych uczestnik\u00f3w \u015aDS i WTZ. Grupa \u015bwiadczy\u0142a us\u0142ugi asystencko-opieku\u0144cze w miejscu zamieszkania osobom potrzebuj\u0105cym pozostaj\u0105cym bez wsparcia. Osoby te poddane by\u0142y diagnozie wst\u0119pnej w zakresie ich mo\u017cliwo\u015bci, predyspozycji, samooceny i satysfakcji. W kolejnym etapie testowania grupa ta zosta\u0142a przeszkolona w zakresie podstaw wolontariatu, BHP, opieki nad osobami potrzebuj\u0105cymi wsparcia, pierwszej pomocy oraz podstaw animacji kultury.<\/p>\n<p>R\u00f3wnolegle prowadzona by\u0142a rekrutacja os\u00f3b potrzebuj\u0105cych wsparcia, kt\u00f3re znajd\u0105 si\u0119 w tworzonej bazie danych. Po przeprowadzeniu diagnozy potrzeb osoby te zosta\u0142y zakwalifikowane do poszczeg\u00f3lnych us\u0142ug oferowanych w ramach innowacji, tj. us\u0142ugi asystencko-opieku\u0144cze w miejscu zamieszkania (10 os\u00f3b) oraz us\u0142uga wolnego s\u0142uchacza (10 os\u00f3b). Z us\u0142ugi integracyjnej korzysta\u0142y wsp\u00f3lnie obie grupy (20 os\u00f3b).<\/p>\n<p>Wolontariusze w ramach us\u0142ug asystencko-opieku\u0144czych pomagali osobom potrzebuj\u0105cym w zakupach, sprz\u0105taniu, za\u0142atwianiu spraw urz\u0119dowych, uzyskaniu informacji, konsultacji lekarskich, wypo\u017cyczeniu ksi\u0105\u017cek z biblioteki czy organizacji czasu wolnego. Us\u0142uga obejmujmowa\u0142a poza pomoc\u0105 w czynno\u015bciach \u017cycia codziennego r\u00f3wnie\u017c zaspokojenie potrzeb spo\u0142ecznych.<\/p>\n<p>Dodatkowym elementem innowacji by\u0142o przetestowanie w \u015aDS w Wisznicach us\u0142ugi wolnego s\u0142uchacza, w ramach kt\u00f3rej osoby oczekuj\u0105ce na przyj\u0119cie do plac\u00f3wki bra\u0142y udzia\u0142 w standardowych zaj\u0119ciach aktywizuj\u0105co-terapeutycznych.<\/p>\n<p>Ponadto w ramach us\u0142ugi integracyjnej odby\u0142y si\u0119 spotkania dla korzystaj\u0105cych z us\u0142ug asystencko-opieku\u0144czych oraz wolnego s\u0142uchacza, a tak\u017ce wolontariuszy. Spotkania te \u0142\u0105czy\u0142y w sobie elementy kultury, rekreacji oraz edukacji.<\/p>\n<p>Innowacja nie zast\u0119puje dotychczas prowadzonych dzia\u0142a\u0144 (OPS, \u015aDS, WTZ), ale jest elementem uzupe\u0142niaj\u0105cym system wparcia spo\u0142ecznego. Zasadnicz\u0105 r\u00f3\u017cnic\u0105 jest przeniesienie akcentu z dzia\u0142a\u0144 prowadzonych i finansowanych przez gmin\u0119 na dzia\u0142ania prowadzone przez same osoby z niepe\u0142nosprawno\u015bciami.<\/p>\n<p><strong>Spos\u00f3b finansowania innowacji<\/strong><\/p>\n<p>Finansowanie na wdro\u017cenie innowacji mo\u017cliwe jest do pozyskania w ramach:<\/p>\n<ul style=\"margin-bottom: 10px;\">\n<li>Regionalnych Program\u00f3w Operacyjnych 2014-2020 jako element us\u0142ug opieku\u0144czo-asystenckich,<\/li>\n<li>Samorz\u0105d\u00f3w, je\u017celi program wsp\u00f3\u0142pracy z organizacjami pozarz\u0105dowymi przewiduje zadania z zakresu us\u0142ug asystenckich i opieku\u0144czych,<\/li>\n<li>Konkurs\u00f3w og\u0142aszanych przez PFRON oraz MRPiPS.<\/li>\n<\/ul>\n<p><strong>Materia\u0142y do pobrania<\/strong><\/p>\n<p><a href=\"http:\/\/www.innowacje.psoni.org.pl\/wp-content\/uploads\/2018\/04\/Produkt-finalny-FLAS-1.pdf\" target=\"_blank\" rel=\"noopener\">Produkt finalny<\/a><br \/>\n<a href=\"http:\/\/www.innowacje.psoni.org.pl\/wp-content\/uploads\/2018\/04\/Instrukcja-wdrol\u0301eniowa-FLAS-2.pdf\" target=\"_blank\" rel=\"noopener\">Instrukcja wdro\u017ceniowa<\/a><\/p>\n<p>&nbsp;<\/p>\n","protected":false},"excerpt":{"rendered":"<p>Innowacja testowana pod nazw\u0105 Lokalna sie\u0107 samopomocy Kategoria Us\u0142ugi opieku\u0144czo-asystenckie Innowator Fundacja Lokalnej Aktywno\u015bci Spo\u0142ecznej Kr\u00f3tki opis innowacji Innowacja zak\u0142ada wykorzystanie lokalnych zasob\u00f3w do \u015bwiadczenia us\u0142ug asystenckich w spo\u0142eczno\u015bci lokalnej stanowi\u0105cych uzupe\u0142nienie dla dzia\u0142a\u0144 instytucji takich jak \u015brodowiskowe domy samopomocy<\/p>\n","protected":false},"author":1,"featured_media":0,"parent":530,"menu_order":0,"comment_status":"closed","ping_status":"closed","template":"","meta":[],"_links":{"self":[{"href":"http:\/\/www.innowacje.psoni.org.pl\/index.php\/wp-json\/wp\/v2\/pages\/536"}],"collection":[{"href":"http:\/\/www.innowacje.psoni.org.pl\/index.php\/wp-json\/wp\/v2\/pages"}],"about":[{"href":"http:\/\/www.innowacje.psoni.org.pl\/index.php\/wp-json\/wp\/v2\/types\/page"}],"author":[{"embeddable":true,"href":"http:\/\/www.innowacje.psoni.org.pl\/index.php\/wp-json\/wp\/v2\/users\/1"}],"replies":[{"embeddable":true,"href":"http:\/\/www.innowacje.psoni.org.pl\/index.php\/wp-json\/wp\/v2\/comments?post=536"}],"version-history":[{"count":11,"href":"http:\/\/www.innowacje.psoni.org.pl\/index.php\/wp-json\/wp\/v2\/pages\/536\/revisions"}],"predecessor-version":[{"id":728,"href":"http:\/\/www.innowacje.psoni.org.pl\/index.php\/wp-json\/wp\/v2\/pages\/536\/revisions\/728"}],"up":[{"embeddable":true,"href":"http:\/\/www.innowacje.psoni.org.pl\/index.php\/wp-json\/wp\/v2\/pages\/530"}],"wp:attachment":[{"href":"http:\/\/www.innowacje.psoni.org.pl\/index.php\/wp-json\/wp\/v2\/media?parent=536"}],"curies":[{"name":"wp","href":"https:\/\/api.w.org\/{rel}","templated":true}]}}