{"id":41,"date":"2016-09-07T15:12:25","date_gmt":"2016-09-07T13:12:25","guid":{"rendered":"http:\/\/www.innowacje.psoni.org.pl\/?page_id=41"},"modified":"2016-10-12T09:01:25","modified_gmt":"2016-10-12T07:01:25","slug":"najczesciej-zadawane-pytania","status":"publish","type":"page","link":"http:\/\/www.innowacje.psoni.org.pl\/index.php\/najczesciej-zadawane-pytania\/","title":{"rendered":"FAQ"},"content":{"rendered":"<h1><!--more--><\/h1>\n<h1>Najcz\u0119\u015bciej zadawane pytania<\/h1>\n<p>W przypadku pyta\u0144 dotycz\u0105cych innowacji spo\u0142ecznych zapraszamy do przesy\u0142ania ich na adres:\u00a0<strong><a href=\"mailto:innowacje@psoni.org.pl\">innowacje@psoni.org.pl<\/a>. <\/strong>Baza pyta\u0144 i odpowiedzi b\u0119dzie na bie\u017c\u0105co aktualizowana.<\/p>\n<hr \/>\n<h2><!--more--><\/h2>\n<h3><strong>Zagadnienie merytoryczne<\/strong><\/h3>\n<ol>\n<li><strong> Ile os\u00f3b powinno wzi\u0105\u0107 udzia\u0142 w testowaniu innowacji spo\u0142ecznej? Czy s\u0105 jakie\u015b wskazania w tym zakresie?<\/strong><\/li>\n<\/ol>\n<p>Operator nie nak\u0142ada wymog\u00f3w formalnych w tym zakresie. Rekomenduje si\u0119 by w testowaniu innowacji spo\u0142ecznej bra\u0142o udzia\u0142 minimum 5 os\u00f3b.<\/p>\n<ol start=\"2\">\n<li><strong> Czy testowanie innowacji spo\u0142ecznej musi trwa\u0107 r\u00f3wno 6 miesi\u0119cy?<\/strong><\/li>\n<\/ol>\n<p>Testowanie innowacji spo\u0142ecznej powinno by\u0107 przeprowadzone pomi\u0119dzy kwietniem a wrze\u015bniem 2017 roku. Nie nak\u0142ada nie minimalnego czasu trwania testowania innowacji spo\u0142ecznej. Czas testowania powinien by\u0107 jednak adekwatny do charakteru innowacji oraz jej skali &#8211; b\u0119dzie to przedmiotem oceny merytorycznej.<\/p>\n<ol start=\"3\">\n<li><strong> Jak sprawdzi\u0107 czy nasz pomys\u0142 nie powiela sfinansowanych ju\u017c ze \u015brodk\u00f3w EFS rozwi\u0105za\u0144?<\/strong><\/li>\n<\/ol>\n<p>W punkcie drugim &#8222;Procedur realizacji projektu grantowego&#8221; wskazano rozwi\u0105zania kt\u00f3rych nie mo\u017ce powiela\u0107 innowacja spo\u0142eczna. Potencjalny grantobiorca powinien zapozna\u0107 si\u0119 z tymi rozwi\u0105zaniami na etapie sk\u0142adania wniosku.<\/p>\n<p><strong>\u00a0 \u00a0 \u00a0<\/strong> 4.<strong>Czy jest mo\u017cliwe ubieganie si\u0119 o testowania tej samej innowacji spo\u0142ecznej u r\u00f3\u017cnych operator\u00f3w dzia\u0142ania 4.1?<\/strong><\/p>\n<p>Nie. Sk\u0142adaj\u0105c wniosek o dofinansowanie potencjalny grantobiorca sk\u0142ada jest o\u015bwiadczenie nast\u0119puj\u0105cej tre\u015bci &#8222;O\u015bwiadczam, \u017ce nie ubiegam si\u0119 o finansowanie testowania to\u017csamej innowacji spo\u0142ecznej u innych operator\u00f3w dzia\u0142ania 4.1 PO WER&#8221;.<\/p>\n<ol start=\"5\">\n<li><strong> Wype\u0142niaj\u0105c wniosek o dofinansowanie nie starcza nam miejsca na zamieszczenie ca\u0142ej tre\u015bci. Czy mo\u017cna do\u0142\u0105czy\u0107 dodatkowe dokumenty\/pliki opisuj\u0105ce innowacje do wniosku?<\/strong><\/li>\n<\/ol>\n<p>Nie, do wniosku nie nale\u017cy za\u0142\u0105cza\u0107 dodatkowych plik\u00f3w opisuj\u0105cych innowacje spo\u0142eczn\u0105. Wniosek o dofinansowanie ma ustawione limity znak\u00f3w w polach przeznaczonych do wype\u0142nienia, nie mo\u017cna tych limit\u00f3w przekroczy\u0107.<\/p>\n<p><strong>\u00a0<\/strong><\/p>\n<h3><strong>Zagadnienia finansowe<\/strong><\/h3>\n<ol>\n<li><strong> Czy wymagany jest wk\u0142ad w\u0142asny?<\/strong><\/li>\n<\/ol>\n<p>Nie. Operator pokrywa koszty testowania innowacji spo\u0142ecznej do kwoty 60 000 z\u0142otych brutto.<\/p>\n<ol start=\"2\">\n<li><strong> Czy okre\u015blono minimaln\u0105 kwot\u0119 o jak\u0105 nale\u017cy si\u0119 ubiega\u0107 na pokrycie koszt\u00f3w testowania innowacji?<\/strong><\/li>\n<\/ol>\n<p>Nie. Operator nie okre\u015bli\u0142 takiej kwoty. Kwota wnioskowana powinna by\u0107 adekwatna do skali testowania innowacji spo\u0142ecznej oraz specyfiki innowacji spo\u0142ecznej.<\/p>\n<ol start=\"3\">\n<li><strong> Na jakiej podstawie dokonywanie jest rozliczenie grant\u00f3w?<\/strong><\/li>\n<\/ol>\n<p>Rozliczenie nast\u0119puje na bazie wska\u017anik\u00f3w efekt\u00f3w testowania innowacji okre\u015blonych w tabeli 2.5 specyfikacji innowacji spo\u0142ecznej. W celu rozliczenia grantu grantobiorca sk\u0142ada u operatora:<\/p>\n<ul>\n<li>o\u015bwiadczenie o wydatkowaniu \u015brodk\u00f3w zgodnie ze specyfikacj\u0105 innowacji spo\u0142ecznej,<\/li>\n<li>sprawozdanie z realizacji zaplanowanych dzia\u0142a\u0144 i osi\u0105gni\u0119cia efekt\u00f3w cz\u0105stkowych wraz z za\u0142\u0105czonymi dokumentami, materia\u0142ami daj\u0105cymi racjonalne zapewnienie, \u017ce zaplanowane dzia\u0142ania zosta\u0142y przeprowadzone, a efekty cz\u0105stkowe zosta\u0142y osi\u0105gni\u0119te.<\/li>\n<\/ul>\n<p>Dodatkowo podstaw\u0105 rozliczenia s\u0105 raporty raport\u00f3w z przeprowadzonych monitoring\u00f3w, kontroli i ewaluacji.<\/p>\n<p>Rozliczenie dokonywane jest na podstawie protok\u00f3\u0142u odbioru efekt\u00f3w ko\u0144cowych innowacji spo\u0142ecznej podpisanego przez lidera i partnera projektu.<\/p>\n<p>Rozliczenie grant\u00f3w nie jest dokonywane w oparciu o dokumenty potwierdzaj\u0105ce wydatki &#8211; np. faktury, umowy etc.<\/p>\n<ol start=\"4\">\n<li><strong> Jakiego typu koszty mo\u017cna finansowa\u0107 w ramach testowania innowacji spo\u0142ecznej?<\/strong><\/li>\n<\/ol>\n<p>Informacje o przeznaczeniu grant\u00f3w zawiera punkt 7 &#8222;Procedur realizacji projektu grantowego&#8221;.<\/p>\n<ol start=\"5\">\n<li><strong> Kto pokrywa koszty upowszechniania innowacji spo\u0142ecznych po zako\u0144czeniu ich testowania?<\/strong><\/li>\n<\/ol>\n<p>Koszty upowszechniania innowacji spo\u0142ecznych pokrywa Operator.<\/p>\n<p>&nbsp;<\/p>\n<h3><strong>Zagadnienia dotycz\u0105ce potencjalnych grantobiorc\u00f3w<\/strong><\/h3>\n<ol>\n<li><strong> Czy mo\u017cliwe jest zawarcie umowy partnerskiej mi\u0119dzy osob\u0105 fizyczn\u0105 a osob\u0105 prawn\u0105?<\/strong><\/li>\n<\/ol>\n<p>Nie, partnerstwo jest mo\u017cliwe jedynie mi\u0119dzy osobami prawnymi (maksymalnie jeden partner). Osoba fizyczna chc\u0105ca sk\u0142ada\u0107 wniosek mo\u017ce to zrobi\u0107 samodzielnie lub jako cz\u0142onek grupy nieformalnej (maksymalnie 4 osoby fizyczne).<\/p>\n<ol start=\"2\">\n<li><strong> Jaki minimalny potencja\u0142 finansowy musi mie\u0107 organizacja\/osoba fizyczna by wyst\u0105pi\u0107 o grant na testowanie innowacji spo\u0142ecznej?<\/strong><\/li>\n<\/ol>\n<p>Operator nie bada potencja\u0142u finansowego organizacji, chc\u0105cej ubiega\u0107 si\u0119 o grant. \u015arodki z grantu w za\u0142o\u017ceniu pokrywaj\u0105 wszelkie koszty testowania innowacji spo\u0142ecznej do kwoty 60 000 z\u0142otych. Na etapie oceny merytorycznej badany jest potencja\u0142 merytoryczny organizacji wnioskuj\u0105cej\/osoby fizycznej.<\/p>\n<ol start=\"3\">\n<li><strong> Czy istnieje wz\u00f3r umowy partnerskiej obowi\u0105zuj\u0105cy w konkursie?<\/strong><\/li>\n<\/ol>\n<p>Nie ma takiego wzoru. Umowa partnerska powinna jednak spe\u0142ni\u0107 nast\u0119puj\u0105ce wymagania:<\/p>\n<p>&#8211; by\u0107 zawarta przed z\u0142o\u017ceniem wniosku,<\/p>\n<p>&#8211; okre\u015bla\u0107 obowi\u0105zki lidera i partnera na poziomie poszczeg\u00f3lnych dzia\u0142a\u0144 oraz efekt\u00f3w testowania innowacji (tabele 2.5 i 2.6 we wniosku o dofinansowanie),<\/p>\n<p>&#8211; okre\u015bla\u0107 kt\u00f3ry podmiot b\u0119dzie pe\u0142ni\u0142 rol\u0119 lidera, a kt\u00f3ry partnera.<\/p>\n<ol start=\"4\">\n<li><strong> W przypadku wy\u0142onienia do dofinansowania wniosku grupy nieformalnej (maksymalnie 4 osoby fizyczne) z kim zawierana jest umowa grantowa?<\/strong><\/li>\n<\/ol>\n<p>Umowa zawierana jest z liderem grupy, lista cz\u0142onk\u00f3w grupy za\u0142\u0105czana jest do umowy grantowej.<\/p>\n<p>&nbsp;<\/p>\n<h3>Pytania zadawane podczas spotka\u0144 informacyjnych<\/h3>\n<ol>\n<li><strong>Czy jednostka organizacyjna pomocy spo\u0142ecznej \u00a0nieposiadaj\u0105ca osobowo\u015bci prawnej, nie mog\u0105ca zaci\u0105ga\u0107 zobowi\u0105za\u0144 finansowych b\u0119dzie\u00a0 mog\u0142a wnie\u015b\u0107 zabezpieczenie w innej formie ni\u017c weksel? \u00a0<\/strong><\/li>\n<\/ol>\n<p>Zabezpieczenie prawid\u0142owej realizacji grantu nie jest wymagane wobec podmiot\u00f3w sektora finans\u00f3w publicznych w rozumieniu ustawy o finansach publicznych z dnia 27 sierpnia 2009 r. (Dz.U. Nr 157, poz. 1240 z p\u00f3\u017an. zm.) \u2013 str. 24 Procedur grantowych.<\/p>\n<p>W przypadku jednostek organizacyjnych nieposiadaj\u0105cych osobowo\u015bci prawnej umowa o powierzenie grantu (kt\u00f3ra jest zobowi\u0105zaniem finansowym) mo\u017ce by\u0107 podpisana przez organ prowadz\u0105cy t\u0119 jednostk\u0119 lub te\u017c przez kierownika\/dyrektora danej jednostki na podstawie pe\u0142nomocnictwa udzielonego jej przez organ prowadz\u0105cy.<\/p>\n<p>&nbsp;<\/p>\n<p style=\"padding-left: 30px;\">2. <strong>Czy\u00a0 beneficjenci projektu \u2013 osoby z niepe\u0142nosprawno\u015bci\u0105 \u2013 musz\u0105 \u00a0posiada\u0107 orzeczenie o stopniu niepe\u0142nosprawno\u015bci ?<\/strong><\/p>\n<p>Wytyczne w zakresie realizacji zasady r\u00f3wno\u015bci szans i niedyskryminacji, w tym dost\u0119pno\u015bci dla os\u00f3b z niepe\u0142nosprawno\u015bciami oraz zasady r\u00f3wno\u015bci szans kobiet i m\u0119\u017cczyzn w ramach funduszy unijnych na lata 2014-2020 okre\u015blaj\u0105 definicj\u0119 os\u00f3b z niepe\u0142nosprawno\u015bciami. Wed\u0142ug tej definicji osoby z niepe\u0142nosprawno\u015bciami oznaczaj\u0105 osoby niepe\u0142nosprawne<br \/>\nw rozumieniu ustawy z dnia 27 sierpnia 1997 r. o rehabilitacji zawodowej i spo\u0142ecznej oraz zatrudnianiu os\u00f3b niepe\u0142nosprawnych (Dz. U. z 2011 r. Nr 127, poz. 721, z p\u00f3\u017an. zm.),<br \/>\na tak\u017ce osoby z zaburzeniami psychicznymi, w rozumieniu ustawy z dnia 19 sierpnia 1994 r. o ochronie zdrowia psychicznego (Dz. U. z 2011 r. Nr 231, poz. 1375).<\/p>\n<p>&nbsp;<\/p>\n<p style=\"padding-left: 30px;\"><strong>3. Czy innowacja wymagaj\u0105ca wi\u0119kszej skali testowania a tym samym wi\u0119kszych \u015brodk\u00f3w finansowych mo\u017ce by\u0107 wnioskowana przy zapewnieniu przez innowatora wk\u0142adu w\u0142asnego (np. ca\u0142o\u015b\u0107 100 tys. \u2013 grant 60 tys., \u015brodki w\u0142asne 40 tys.)? Je\u015bli tak to jakie \u017ar\u00f3d\u0142a wk\u0142adu w\u0142asnego s\u0105 dopuszczalne? Czy mog\u0105 to by\u0107 \u015brodki publiczne?<\/strong><\/p>\n<p>Zgodnie z kryterium formalnym: &#8222;Koszt testowania innowacji spo\u0142ecznej nie mo\u017ce przekroczy\u0107 kwoty 60 000 z\u0142otych&#8221;. Oznacza to, \u017ce wnioskodawca nie ma mo\u017cliwo\u015bci realizowania projektu o kwocie powy\u017cej 60 000 z\u0142otych uwzgl\u0119dniaj\u0105c grant z projektu oraz wk\u0142ad w\u0142asny poniewa\u017c wniosek nie b\u0119dzie wtedy poprawny formalnie &#8211; punkt 2.9 wniosku o dofinansowanie. Wk\u0142ad w\u0142asny nie powinien by\u0107 wnoszony zgodnie z zapisami procedur w punkcie 6 &#8222;Informacja o przeznaczeniu grant\u00f3w&#8221; &#8211; tu pojawia si\u0119 zapis, \u017ce &#8221; Operator pokrywa koszty zwi\u0105zane z testowaniem innowacji do kwoty 60.000 z\u0142otych, potencjalni grantobiorcy nie wnosz\u0105 wk\u0142adu w\u0142asnego w formie finansowej lub niefinansowej&#8221;.<br \/>\nOperator nie zak\u0142ada wnoszenia przez wnioskodawc\u00f3w wk\u0142adu w\u0142asnego, \u0142\u0105czny koszt testowania innowacji nie mo\u017ce przekroczy\u0107 60 000 z\u0142otych. Je\u017celi wnioskodawca b\u0119dzie wykorzystywa\u0142 w ramach projektu w\u0142asne zaplecze techniczne, wolontarystyczne czy te\u017c w\u0142asne \u015brodki finansowe nie ujmuje tego we wniosku aplikacyjnym, ani nie dokonuje wyceny tego wk\u0142adu na potrzeby projektu. W konsekwencji nie nak\u0142ada te\u017c Operator \u017cadnych wymog\u00f3w co do form korzystania z w\u0142asnego zaplecza finansowego, technicznego czy te\u017c osobowego.<\/p>\n<p>&nbsp;<\/p>\n<p style=\"padding-left: 30px;\"><strong>4. Co si\u0119 wydarzy je\u015bli z kilku r\u00f3\u017cnych miejsc w kraju zostan\u0105 z\u0142o\u017cone wnioski identyczne w za\u0142o\u017ceniach? Czy to b\u0119dzie traktowane jako innowacja? Jaki mechanizm b\u0119dzie przeciwdzia\u0142a\u0142 potencjalnej sytuacji, \u017ce jaki\u015b podmiot dzia\u0142aj\u0105cy na terenie ca\u0142ego kraju b\u0119dzie chcia\u0142 pozyska\u0107\/\u201dwy\u0142udzi\u0107\u201d granty na testowanie tego samego rozwi\u0105zania w wielu miejscach?<\/strong><\/p>\n<p>Na poziomie projektu &#8222;Us\u0142ugi opieku\u0144cze dla os\u00f3b niepe\u0142nosprawnych&#8221; wnioski b\u0119d\u0105 oceniane przez komisj\u0119, kt\u00f3ra analizowa\u0107 b\u0119dzie wszystkie wnioski pod k\u0105tem tematycznym. Wymiana informacji pomi\u0119dzy ekspertami komisji pozwoli zidentyfikowa\u0107 projekty<br \/>\no &#8222;to\u017csamym charakterze&#8221;.<br \/>\nSk\u0142adaj\u0105c wniosek aplikacyjny wnioskodawcy r\u00f3wnie\u017c o\u015bwiadczaj\u0105, \u017ce nie ubiegaj\u0105 si\u0119 o finansowanie to\u017csamej innowacji spo\u0142ecznej u innych operator\u00f3w dzia\u0142ania 4.1 PO WER. O\u015bwiadczenia oraz wymiana informacji mi\u0119dzy operatorami poszczeg\u00f3lnych projekt\u00f3w zapobiegnie podw\u00f3jnemu finansowaniu to\u017csamych rozwi\u0105za\u0144 w ramach r\u00f3\u017cnych projekt\u00f3w.<\/p>\n<p>&nbsp;<\/p>\n<p style=\"padding-left: 30px;\"><strong>5. Je\u015bli z dw\u00f3ch r\u00f3\u017cnych region\u00f3w kraju zostanie z\u0142o\u017cony podobny wniosek\/pomys\u0142 to czy dalej b\u0119d\u0105 to innowacje? Co o tym stanowi?<\/strong><\/p>\n<p>Zgodnie z zapisami Procedur &#8222;Innowacja to tworzenie i testowanie nowych rozwi\u0105za\u0144 lub usprawnianie ju\u017c istniej\u0105cych, przy jednoczesnej dba\u0142o\u015bci o ich optymalizacj\u0119, zgodnie z my\u015bl\u0105 \u201ewi\u0119cej za mniej\u201d. Innowacyjno\u015b\u0107 mo\u017ce dotyczy\u0107 zar\u00f3wno wytwarzanych produkt\u00f3w, sposobu pracy, jak i kreowania nowych zjawisk oraz spo\u0142ecznej warto\u015bci dodanej.&#8221; W toku oceny merytorycznej pomys\u0142\u00f3w innowacyjnych jednym z kryteri\u00f3w oceny jest kryterium nowatorstwa, w kt\u00f3rym ocenie podlega\u0107 b\u0119dzie:<\/p>\n<ul>\n<li>innowacyjno\u015b\u0107 problemu,<\/li>\n<li>innowacyjno\u015b\u0107 metod pracy,<\/li>\n<li>innowacyjno\u015b\u0107 grupy docelowej,<\/li>\n<\/ul>\n<p>Mo\u017cliwe jest wi\u0119c zaakceptowanie do realizacji rozwi\u0105za\u0144 podobnych pod wzgl\u0119dem metod pracy, ale odpowiadaj\u0105cych na r\u00f3\u017cne problemy innych grup docelowych.\u00a0 Mo\u017cliwe tak\u017ce zaakceptowania rozwi\u0105za\u0144 odpowiadaj\u0105cych na podobne problemy tych samych grup docelowych za pomoc\u0105 innych metod pracy. W przypadku w\u0105tpliwo\u015bci co do innowacyjno\u015bci poszczeg\u00f3lnych zg\u0142oszonych pomys\u0142\u00f3w komisja oceny b\u0119dzie je wyja\u015bnia\u0107 w trakcie II etapu oceny merytorycznej &#8211; spotka\u0144 bezpo\u015brednich.<\/p>\n<p>&nbsp;<\/p>\n<p style=\"padding-left: 30px;\"><strong>6. Na etapie przygotowywania i testowania innowacji zaplanowano makroregionalne warsztaty i seminaria? Gdzie b\u0119d\u0105 si\u0119 one odbywa\u0142y? Co zadecyduje o miejscu spotka\u0144?<\/strong><\/p>\n<p>W projekcie zaplanowano nast\u0119puj\u0105ce typy spotka\u0144 grupowych:<\/p>\n<ul>\n<li>przed udzieleniem grantu &#8211; seminaria wdro\u017ceniowe,<\/li>\n<li>w momencie testowania innowacji -spotkania w makroregionach.<\/li>\n<\/ul>\n<p>Miejsca spotka\u0144 b\u0119d\u0105 ustalone dopiero po zako\u0144czeniu oceny merytorycznej zg\u0142oszonych innowacji. O miejscu spotka\u0144 decyduje dost\u0119pno\u015b\u0107 miejsc tych spotka\u0144 dla innowator\u00f3w spo\u0142ecznych &#8211; uczestnicy b\u0119d\u0105 zapraszani do udzia\u0142u w poszczeg\u00f3lnych seminariach na bazie kryterium geograficznego lub tematycznego.<\/p>\n<p>&nbsp;<\/p>\n<p style=\"padding-left: 30px;\"><strong>7. Jak wygl\u0105da zabezpieczenie praw autorskich po realizacji projektu i podczas jego ewaluacji. Szczeg\u00f3lnie w sytuacji testowania innowacji w zakresie aplikacji elektronicznych przy us\u0142ugach opieku\u0144czych. Chodzi tu o oprogramowanie wymagaj\u0105ce ci\u0105g\u0142o\u015bci autorskiej (wprowadzanie poprawek, modyfikacji, itp.)? Co z patentem, certyfikatem na taki wyr\u00f3b?<\/strong><\/p>\n<p>Zgodnie z umow\u0105\u00a0 zawart\u0105 przez Operatora z Ministerstwem Rozwoju<\/p>\n<ul>\n<li>Operator jest zobowi\u0105zany do zapewnienia sobie wy\u0142\u0105cznych, nieograniczonych praw autorskich do utwor\u00f3w wytworzonych w ramach Projektu grantowego.<\/li>\n<li>Operator zobowi\u0105zuje si\u0119 do zawarcia z Instytucj\u0105 Zarz\u0105dzaj\u0105c\u0105 odr\u0119bnej umowy przeniesienia autorskich praw maj\u0105tkowych, \u0142\u0105cznie z wy\u0142\u0105cznym prawem do udzielania zezwole\u0144 na wykonywanie zale\u017cnego prawa autorskiego, do utwor\u00f3w wytworzonych w ramach Projektu grantowego, z jednoczesnym udzieleniem licencji na rzecz Beneficjenta na korzystanie z ww. utwor\u00f3w. Umowa, o kt\u00f3rej mowa w zdaniu pierwszym, jest zawierana na pisemny wniosek Instytucji Zarz\u0105dzaj\u0105cej w terminie okre\u015blonym w tym wniosku w ramach dofinansowania, o kt\u00f3rym mowa w \u00a7 2 ust. 2 pkt 1.<\/li>\n<li>W przypadku zlecania cz\u0119\u015bci zada\u0144 w ramach Projektu grantowego wykonawcy, obejmuj\u0105cych m.in. opracowanie utworu, Operator zobowi\u0105zuje si\u0119 do uwzgl\u0119dnienia w umowie z wykonawc\u0105 klauzuli przenosz\u0105cej autorskie prawa maj\u0105tkowe do ww. utworu na Operatora co najmniej na polach eksploatacji wskazanych pisemnie Beneficjentowi przez Instytucj\u0119 Zarz\u0105dzaj\u0105c\u0105 przed zleceniem przez Operatora cz\u0119\u015bci zada\u0144 w ramach Projektu grantowego wykonawcy, obejmuj\u0105cych m.in. opracowanie tego utworu.<\/li>\n<li>Umowy, o kt\u00f3rych mowa w ust. 1 i 2, s\u0105 sporz\u0105dzane z poszanowaniem powszechnie obowi\u0105zuj\u0105cych przepis\u00f3w prawa, w tym w szczeg\u00f3lno\u015bci ustawy z dnia 4 lutego 1994 r. o prawie autorskim i prawach pokrewnych (Dz. U. z 2006 r. Nr 90, poz. 631, z p\u00f3\u017an. zm.).<\/li>\n<\/ul>\n<p style=\"padding-left: 30px;\"><strong>8. Je\u015bli projekt b\u0119dzie realizowany przez osoby prawne w partnerstwie to jak ma wygl\u0105da\u0107 podzia\u0142 zada\u0144? Na ile precyzyjnie ma zosta\u0107 on okre\u015blony?<\/strong><\/p>\n<p>\u00a0Na etapie sk\u0142adania wniosku o dofinansowanie nie jest wymagane przedk\u0142adanie umowy partnerskiej mi\u0119dzy liderem a partnerem. Umowa\/porozumienie musi by\u0107 jednak zawarte przed z\u0142o\u017ceniem wniosku. Przedstawienie umowy partnerskiej nie b\u0119dzie wymagane na etapie podpisywania umowy grantowej. Operator nie nak\u0142ada wymaga\u0144 co do zawarto\u015bci umowy partnerskiej. Tre\u015b\u0107 umowy partnerskiej powinna by\u0107 dostosowana do potrzeb organizacji j\u0105 zawieraj\u0105cych. Umowa partnerska mo\u017ce zawiera\u0107 zapisy dotycz\u0105ce np.:<\/p>\n<ul>\n<li>podzia\u0142u obowi\u0105zk\u00f3w,<\/li>\n<li>os\u00f3b zaanga\u017cowanych w testowanie innowacji,<\/li>\n<li>podzia\u0142u \u015brodk\u00f3w finansowych,<\/li>\n<li>sposobu obiegu dokument\u00f3w i raportowania.<\/li>\n<\/ul>\n<p style=\"padding-left: 30px;\"><strong>9. Je\u015bli rozliczenie grantobiorcy dotyczy wy\u0142\u0105cznie osi\u0105gni\u0119cia zaplanowanego rezultatu a jednocze\u015bnie nie s\u0105 kosztami kwalifikowalnymi koszty administracyjne to w jaki spos\u00f3b operator b\u0119dzie to weryfikowa\u0107?<\/strong><\/p>\n<p>Operator b\u0119dzie weryfikowa\u0142 obecno\u015b\u0107 koszt\u00f3w administracyjnych na etapie oceny bud\u017cetu w sk\u0142adanym projekcie. W toku rozliczenia grant\u00f3w nie b\u0119d\u0105 wymagane dokumenty ksi\u0119gowe (umowy, faktury) po\u015bwiadczaj\u0105ce spos\u00f3b dokonywania wydatk\u00f3w w projekcie. Grantobiorca mo\u017ce czynno\u015bci zwi\u0105zane z raportowaniem sfinansowa\u0107 ze \u015brodk\u00f3w w\u0142asnych lub te\u017c w ramach wk\u0142adu pracy wolontariuszy. Warto podkre\u015bli\u0107, \u017ce \u015brodk\u00f3w w\u0142asnych wnoszonych w formie finansowej lub niefinansowej nie wykazuje si\u0119 w bud\u017cecie sk\u0142adanego wniosku.<\/p>\n<p>&nbsp;<\/p>\n<p style=\"padding-left: 30px;\"><strong>10. Czy mo\u017ce zosta\u0107 z\u0142o\u017cony wniosek przez osob\u0119 prywatn\u0105 (b\u0119d\u0105c\u0105 cz\u0142onkiem danej organizacji) bazuj\u0105cy na zasobach tej organizacji i inny wniosek na inn\u0105 innowacj\u0119 z\u0142o\u017cony przez t\u0105 NGO? Czy to si\u0119 wyklucza?<\/strong><\/p>\n<p>Dopuszczalna jest taka sytuacja. W przypadku w\u0105tpliwo\u015bci co do wykonalno\u015bci projekt\u00f3w realizowanych przez osoby fizyczne z wykorzystaniem zasob\u00f3w organizacji pozarz\u0105dowych w\u0105tpliwo\u015bci te b\u0119d\u0105 weryfikowane w toku I i II etapu oceny merytorycznej.<\/p>\n","protected":false},"excerpt":{"rendered":"","protected":false},"author":1,"featured_media":0,"parent":0,"menu_order":0,"comment_status":"closed","ping_status":"closed","template":"","meta":[],"_links":{"self":[{"href":"http:\/\/www.innowacje.psoni.org.pl\/index.php\/wp-json\/wp\/v2\/pages\/41"}],"collection":[{"href":"http:\/\/www.innowacje.psoni.org.pl\/index.php\/wp-json\/wp\/v2\/pages"}],"about":[{"href":"http:\/\/www.innowacje.psoni.org.pl\/index.php\/wp-json\/wp\/v2\/types\/page"}],"author":[{"embeddable":true,"href":"http:\/\/www.innowacje.psoni.org.pl\/index.php\/wp-json\/wp\/v2\/users\/1"}],"replies":[{"embeddable":true,"href":"http:\/\/www.innowacje.psoni.org.pl\/index.php\/wp-json\/wp\/v2\/comments?post=41"}],"version-history":[{"count":15,"href":"http:\/\/www.innowacje.psoni.org.pl\/index.php\/wp-json\/wp\/v2\/pages\/41\/revisions"}],"predecessor-version":[{"id":404,"href":"http:\/\/www.innowacje.psoni.org.pl\/index.php\/wp-json\/wp\/v2\/pages\/41\/revisions\/404"}],"wp:attachment":[{"href":"http:\/\/www.innowacje.psoni.org.pl\/index.php\/wp-json\/wp\/v2\/media?parent=41"}],"curies":[{"name":"wp","href":"https:\/\/api.w.org\/{rel}","templated":true}]}}