{"id":387,"date":"2016-10-04T12:46:13","date_gmt":"2016-10-04T10:46:13","guid":{"rendered":"http:\/\/www.innowacje.psoni.org.pl\/?page_id=387"},"modified":"2016-12-21T13:20:38","modified_gmt":"2016-12-21T12:20:38","slug":"zapraszamy-na-spotkania-informacyjne","status":"publish","type":"page","link":"http:\/\/www.innowacje.psoni.org.pl\/index.php\/zapraszamy-na-spotkania-informacyjne\/","title":{"rendered":"ZAPRASZAMY NA SPOTKANIA INFORMACYJNE"},"content":{"rendered":"<p><!--more-->Zapraszamy do udzia\u0142u w spotkaniach informacyjnych dla innowator\u00f3w. W pa\u017adzierniku w ka\u017cdym wojew\u00f3dztwie odb\u0119dzie si\u0119 spotkanie, na kt\u00f3rym b\u0119dzie mo\u017cliwo\u015b\u0107 zapoznania si\u0119 ze szczeg\u00f3\u0142ami aplikowania o granty oraz skonsultowania swoich pomys\u0142\u00f3w w obszarze merytorycznym konkursu.<\/p>\n<p>Formularz zg\u0142oszeniowy na spotkanie &#8211; <a href=\"http:\/\/www.innowacje.psoni.org.pl\/wp-content\/uploads\/2016\/09\/formularz_zg\u0142oszeniowy.doc\">pobierz<\/a><\/p>\n<p>Wype\u0142nij formularz zg\u0142oszeniowy na wybrane spotkanie i prze\u015blij e-mailem na adres <a href=\"mailto:rekrutacja@innowacje.psoni.org.pl\">rekrutacja@innowacje.psoni.org.pl<\/a> do dnia wskazanego w harmonogramie spotka\u0144.<\/p>\n<p>Zapoznaj si\u0119 z harmonogramem spotka\u0144 rekrutacyjnych poni\u017cej:<\/p>\n<table style=\"height: 2219px;\" width=\"806\">\n<tbody>\n<tr>\n<td width=\"217\">\n<p style=\"text-align: center;\"><strong>WOJEW\u00d3DZTWO<\/strong><\/p>\n<\/td>\n<td width=\"95\">\n<p style=\"text-align: center;\"><strong>TERMIN<\/strong><\/p>\n<\/td>\n<td width=\"368\">\n<p style=\"text-align: center;\"><strong>MIEJSCE ORGANIZACJI SPOTKANIA<\/strong><\/p>\n<\/td>\n<\/tr>\n<tr>\n<td width=\"217\">\n<p style=\"text-align: center;\"><strong>DOLNO\u015aL\u0104SKIE<\/strong><\/p>\n<p>&nbsp;<\/td>\n<td width=\"95\">&nbsp;<\/p>\n<p style=\"text-align: center;\">21.10.2016<\/p>\n<p style=\"text-align: center;\">\u00a0<em>odby\u0142o si\u0119<\/em><\/p>\n<\/td>\n<td width=\"368\">\n<p style=\"text-align: center;\"><strong>WROC\u0141AW<\/strong><\/p>\n<p style=\"text-align: center;\"><del>Wroc\u0142awskie Centrum Wspierania Organizacji Pozarz\u0105dowych SEKTOR 3<strong>, <\/strong>ul. Legnicka 65<\/del><\/p>\n<\/td>\n<\/tr>\n<tr>\n<td style=\"text-align: center;\" width=\"217\"><strong>KUJAWSKO-POMORSKIE<\/strong><\/td>\n<td width=\"95\">\n<p style=\"text-align: center;\">03.11.2016<\/p>\n<p style=\"text-align: center;\"><em>odby\u0142o si\u0119<\/em><\/p>\n<\/td>\n<td width=\"368\">\n<p style=\"text-align: center;\"><strong>BYDGOSZCZ<\/strong><\/p>\n<p style=\"text-align: center;\"><del>Urz\u0105d Miasta Bydgoszczy, ul. Jezuicka 1<\/del><\/p>\n<\/td>\n<\/tr>\n<tr>\n<td width=\"217\">\n<p style=\"text-align: center;\"><strong>LUBELSKIE<\/strong><\/p>\n<\/td>\n<td width=\"95\">\n<p style=\"text-align: center;\">10.10.2016<\/p>\n<p style=\"text-align: center;\"><em>odby\u0142o si\u0119<\/em><\/p>\n<\/td>\n<td width=\"368\">\n<p style=\"text-align: center;\"><strong>LUBLIN<\/strong><\/p>\n<p style=\"text-align: center;\"><del>Pracownie Kultury Maki, ul. Olchowa 8<\/del><\/p>\n<\/td>\n<\/tr>\n<tr>\n<td width=\"217\">\n<p style=\"text-align: center;\"><strong>LUBUSKIE<\/strong><\/p>\n<\/td>\n<td width=\"95\">\n<p style=\"text-align: center;\">17.10.2016<\/p>\n<p style=\"text-align: center;\"><em>odby\u0142o si\u0119<\/em><\/p>\n<\/td>\n<td width=\"368\">\n<p style=\"text-align: center;\"><strong>GORZ\u00d3W WIELKOPOLSKI<\/strong><\/p>\n<p style=\"text-align: center;\"><del>Qubus Hotel, ul. Orl\u0105t Lwowskich 3<\/del><\/p>\n<\/td>\n<\/tr>\n<tr>\n<td width=\"217\">\n<p style=\"text-align: center;\"><strong>\u0141\u00d3DZKIE<\/strong><\/p>\n<\/td>\n<td width=\"95\">\n<p style=\"text-align: center;\">03.10.2016 <em>odby\u0142o si\u0119<\/em><\/p>\n<\/td>\n<td width=\"368\">\n<p style=\"text-align: center;\"><strong>ZGIERZ<\/strong><\/p>\n<p style=\"text-align: center;\"><del>PSONI Ko\u0142o w Zgierzu, ul. Che\u0142mska 42\/42a<\/del><\/p>\n<\/td>\n<\/tr>\n<tr>\n<td width=\"217\">\n<p style=\"text-align: center;\"><strong>MA\u0141OPOLSKIE<\/strong><\/p>\n<\/td>\n<td width=\"95\">\n<p style=\"text-align: center;\">21.10.2016<\/p>\n<p style=\"text-align: center;\"><em>odby\u0142o si\u0119<\/em><\/p>\n<\/td>\n<td width=\"368\">\n<p style=\"text-align: center;\"><strong>KRAK\u00d3W<\/strong><\/p>\n<p style=\"text-align: center;\"><del>Sp\u00f3\u0142dzielnia Socjalna \u201eOgnisko\u201d, Awokado Lunch Bar ul. Pr\u0105dnicka 12<\/del><\/p>\n<\/td>\n<\/tr>\n<tr>\n<td width=\"217\">\n<p style=\"text-align: center;\"><strong>MAZOWIECKIE<\/strong><\/p>\n<\/td>\n<td width=\"95\">\n<p style=\"text-align: center;\">08.11.2016<\/p>\n<p style=\"text-align: center;\"><em>odby\u0142o si\u0119<\/em><\/p>\n<\/td>\n<td width=\"368\">\n<p style=\"text-align: center;\"><strong>WARSZAWA<\/strong><\/p>\n<p style=\"text-align: center;\"><del>Dom Braci Jab\u0142kowskich, ul. Bracka 25<\/del><\/p>\n<\/td>\n<\/tr>\n<tr>\n<td width=\"217\">\n<p style=\"text-align: center;\"><strong>OPOLSKIE<\/strong><\/p>\n<\/td>\n<td width=\"95\">\n<p style=\"text-align: center;\">13.10.2016<\/p>\n<p style=\"text-align: center;\"><em>odby\u0142o si\u0119<\/em><\/p>\n<\/td>\n<td width=\"368\">\n<p style=\"text-align: center;\"><strong>OPOLE<\/strong><\/p>\n<p style=\"text-align: center;\"><del>Miejskie Centrum Organizacji Pozarz\u0105dowych UM, Centrum Dialogu Obywatelskiego ul. Koraszewskiego 7-9<\/del><\/p>\n<\/td>\n<\/tr>\n<tr>\n<td width=\"217\">\n<p style=\"text-align: center;\"><strong>PODKARPACKIE<\/strong><\/p>\n<\/td>\n<td width=\"95\">\n<p style=\"text-align: center;\">25.10.2016<\/p>\n<p style=\"text-align: center;\"><em>odby\u0142o si\u0119<\/em><\/p>\n<\/td>\n<td width=\"368\">\n<p style=\"text-align: center;\"><strong>RZESZ\u00d3W<\/strong><\/p>\n<p style=\"text-align: center;\"><del>Urz\u0105d Marsza\u0142kowski Woj. Podkarpackiego, Al. \u0141ukasza Ciepli\u0144skiego 4<\/del><\/p>\n<\/td>\n<\/tr>\n<tr>\n<td width=\"217\">\n<p style=\"text-align: center;\"><strong>PODLASKIE<\/strong><\/p>\n<\/td>\n<td width=\"95\">\n<p style=\"text-align: center;\">11.10.2016<\/p>\n<p style=\"text-align: center;\"><em>odby\u0142o si\u0119<\/em><\/p>\n<\/td>\n<td width=\"368\">\n<p style=\"text-align: center;\"><strong>BIA\u0141YSTOK<\/strong><\/p>\n<p style=\"text-align: center;\"><del>Centrum Astoria, ul. Sienkiewicza 4<\/del><\/p>\n<\/td>\n<\/tr>\n<tr>\n<td width=\"217\">\n<p style=\"text-align: center;\"><strong>POMORSKIE<\/strong><\/p>\n<\/td>\n<td width=\"95\">\n<p style=\"text-align: center;\">06.10.2016<\/p>\n<p style=\"text-align: center;\"><em>odby\u0142o si\u0119<\/em><\/p>\n<\/td>\n<td width=\"368\">\n<p style=\"text-align: center;\"><strong>GDA\u0143SK<\/strong><\/p>\n<p style=\"text-align: center;\"><del>Urz\u0105d Miejski w Gda\u0144sku<strong>,<\/strong> ul. Nowe Ogrody 8\/12<\/del><\/p>\n<\/td>\n<\/tr>\n<tr>\n<td width=\"217\">\n<p style=\"text-align: center;\"><strong>\u015aL\u0104SKIE<\/strong><\/p>\n<\/td>\n<td width=\"95\">\n<p style=\"text-align: center;\">20.10.2016<\/p>\n<p style=\"text-align: center;\"><em>odby\u0142o si\u0119<\/em><\/p>\n<\/td>\n<td width=\"368\">\n<p style=\"text-align: center;\"><strong>KATOWICE<\/strong><\/p>\n<p style=\"text-align: center;\"><del>Muzeum \u015al\u0105skie, ul. Dobrowolskiego 1<\/del><\/p>\n<\/td>\n<\/tr>\n<tr>\n<td width=\"217\">\n<p style=\"text-align: center;\"><strong>\u015aWI\u0118TOKRZYSKIE<\/strong><\/p>\n<\/td>\n<td width=\"95\">\n<p style=\"text-align: center;\">07.10.2016<\/p>\n<p style=\"text-align: center;\"><em>odby\u0142o si\u0119<\/em><\/p>\n<\/td>\n<td width=\"368\">\n<p style=\"text-align: center;\"><strong>KIELCE<\/strong><\/p>\n<p style=\"text-align: center;\"><del>Wojew\u00f3dzki Dom Kultury im. J\u00f3zefa Pi\u0142sudskiego ul. ks. Piotra \u015aciegiennego 2<\/del><\/p>\n<\/td>\n<\/tr>\n<tr>\n<td width=\"217\">\n<p style=\"text-align: center;\"><strong>WARMI\u0143SKO-MAZURSKIE <\/strong><\/p>\n<\/td>\n<td width=\"95\">\n<p style=\"text-align: center;\">13.10.2016<\/p>\n<p style=\"text-align: center;\"><em>odby\u0142o si\u0119<\/em><\/p>\n<\/td>\n<td width=\"368\">\n<p style=\"text-align: center;\"><strong>OLSZTYN<\/strong><\/p>\n<p style=\"text-align: center;\"><del>Centrum Rehabilitacji i Wsparcia PSONI Ko\u0142o w Olsztynie ul. Siewna 78<\/del><\/p>\n<\/td>\n<\/tr>\n<tr>\n<td width=\"217\">\n<p style=\"text-align: center;\"><strong>WIELKOPOLSKIE<\/strong><\/p>\n<\/td>\n<td width=\"95\">\n<p style=\"text-align: center;\">19.10.2016<\/p>\n<p style=\"text-align: center;\">\u00a0<em>odby\u0142o si\u0119<\/em><\/p>\n<\/td>\n<td width=\"368\">\n<p style=\"text-align: center;\"><strong>POZNA\u0143<\/strong><\/p>\n<p style=\"text-align: center;\"><del>Pozna\u0144skie O\u015brodki Sportu i Rekreacji, ul. Kra\u0144cowa 98<\/del><\/p>\n<\/td>\n<\/tr>\n<tr>\n<td width=\"217\">\n<p style=\"text-align: center;\"><strong>ZACHODNIOPOMORSKIE<\/strong><\/p>\n<\/td>\n<td width=\"95\">&nbsp;<\/p>\n<p style=\"text-align: center;\">18.10.2016<\/p>\n<p style=\"text-align: center;\">\u00a0<em>odby\u0142o si\u0119<\/em><\/p>\n<\/td>\n<td width=\"368\">\n<p style=\"text-align: center;\"><strong>SZCZECIN<\/strong><\/p>\n<p style=\"text-align: center;\"><del>Sejmik Wojew\u00f3dztwa Zachodniopomorskiego<\/del><\/p>\n<p style=\"text-align: center;\"><del>ul. Mickiewicza 41<\/del><\/p>\n<\/td>\n<\/tr>\n<\/tbody>\n<\/table>\n<p>Harmonogram spotka\u0144 w wersji pdf- <a href=\"http:\/\/www.innowacje.psoni.org.pl\/wp-content\/uploads\/2016\/10\/Harmonogram-Spotkania-Informacyjne_10-2016.pdf\">pobierz<\/a><\/p>\n<p>&nbsp;<\/p>\n","protected":false},"excerpt":{"rendered":"","protected":false},"author":1,"featured_media":0,"parent":0,"menu_order":0,"comment_status":"closed","ping_status":"closed","template":"","meta":[],"_links":{"self":[{"href":"http:\/\/www.innowacje.psoni.org.pl\/index.php\/wp-json\/wp\/v2\/pages\/387"}],"collection":[{"href":"http:\/\/www.innowacje.psoni.org.pl\/index.php\/wp-json\/wp\/v2\/pages"}],"about":[{"href":"http:\/\/www.innowacje.psoni.org.pl\/index.php\/wp-json\/wp\/v2\/types\/page"}],"author":[{"embeddable":true,"href":"http:\/\/www.innowacje.psoni.org.pl\/index.php\/wp-json\/wp\/v2\/users\/1"}],"replies":[{"embeddable":true,"href":"http:\/\/www.innowacje.psoni.org.pl\/index.php\/wp-json\/wp\/v2\/comments?post=387"}],"version-history":[{"count":12,"href":"http:\/\/www.innowacje.psoni.org.pl\/index.php\/wp-json\/wp\/v2\/pages\/387\/revisions"}],"predecessor-version":[{"id":461,"href":"http:\/\/www.innowacje.psoni.org.pl\/index.php\/wp-json\/wp\/v2\/pages\/387\/revisions\/461"}],"wp:attachment":[{"href":"http:\/\/www.innowacje.psoni.org.pl\/index.php\/wp-json\/wp\/v2\/media?parent=387"}],"curies":[{"name":"wp","href":"https:\/\/api.w.org\/{rel}","templated":true}]}}