{"id":37,"date":"2016-09-07T15:11:27","date_gmt":"2016-09-07T13:11:27","guid":{"rendered":"http:\/\/www.innowacje.psoni.org.pl\/?page_id=37"},"modified":"2017-10-20T09:36:03","modified_gmt":"2017-10-20T07:36:03","slug":"o-projekcie","status":"publish","type":"page","link":"http:\/\/www.innowacje.psoni.org.pl\/index.php\/o-projekcie\/","title":{"rendered":"O projekcie"},"content":{"rendered":"<p><!--more-->Projekt &#8222;Us\u0142ugi opieku\u0144cze dla os\u00f3b niepe\u0142nosprawnych&#8221; realizuje Polskie Stowarzyszeniem na rzecz Os\u00f3b z Niepe\u0142nosprawno\u015bci\u0105 Intelektualn\u0105 (PSONI) w ramach Programu Operacyjnego Wiedza Edukacja Rozw\u00f3j 2014-2020, wsp\u00f3\u0142finansowanego ze \u015brodk\u00f3w Europejskiego Funduszu Spo\u0142ecznego. Warto\u015b\u0107 projektu wynosi\u00a0 3 080 896,00 z\u0142, w tym dofinansowanie 2 988 469,12 z\u0142.<\/p>\n<p><!--more--><\/p>\n<p>G\u0142\u00f3wnym celem projektu jest wykorzystanie 7 innowacyjnych pomys\u0142\u00f3w na rzecz poprawy skuteczno\u015bci us\u0142ug opieku\u0144czych dla os\u00f3b niepe\u0142nosprawnych (ON) na terenie ca\u0142ego kraju w okresie od 01.09.2016r. do 31.05.2018 roku.<\/p>\n<p>W trakcie realizacji projektu operator prowadzi\u0107 b\u0119dzie nast\u0119puj\u0105ce dzia\u0142ania:<\/p>\n<ul>\n<li>nab\u00f3r potencjalnych grantobiorc\u00f3w poprzez otwarty konkurs,<\/li>\n<li>udzielenie wsparcia merytorycznego w przygotowaniu innowacji spo\u0142ecznych do testowania,<\/li>\n<li>udzielenie grant\u00f3w w wysoko\u015bci do 60 000 z\u0142otych 35 grantobiorcom, na pokrycie koszt\u00f3w testowania innowacji spo\u0142ecznych,<\/li>\n<li>wsparcie grantobiorc\u00f3w w testowaniu innowacji spo\u0142ecznych,<\/li>\n<li>upowszechnienie siedmiu wybranych innowacji spo\u0142ecznych oraz w\u0142\u0105czenie tych innowacji spo\u0142ecznych do polityki i szerokiej praktyki.<\/li>\n<\/ul>\n<p><img decoding=\"async\" loading=\"lazy\" class=\"aligncenter wp-image-91 size-large\" src=\"http:\/\/www.innowacje.psoni.org.pl\/wp-content\/uploads\/2016\/09\/graf-1-1024x584.png\" alt=\"graf\" width=\"710\" height=\"405\" srcset=\"http:\/\/www.innowacje.psoni.org.pl\/wp-content\/uploads\/2016\/09\/graf-1-1024x584.png 1024w, http:\/\/www.innowacje.psoni.org.pl\/wp-content\/uploads\/2016\/09\/graf-1-300x171.png 300w, http:\/\/www.innowacje.psoni.org.pl\/wp-content\/uploads\/2016\/09\/graf-1-768x438.png 768w, http:\/\/www.innowacje.psoni.org.pl\/wp-content\/uploads\/2016\/09\/graf-1.png 1528w\" sizes=\"(max-width: 710px) 100vw, 710px\" \/><\/p>\n<p>&nbsp;<\/p>\n<h2><strong>Kto mo\u017ce ubiega\u0107 si\u0119 o \u015brodki na testowanie innowacji spo\u0142ecznych?<\/strong><\/h2>\n<p>Potencjalnym grantobiorc\u0105 mo\u017ce by\u0107 osoba prawna, osoba fizyczna lub grupa os\u00f3b fizycznych maj\u0105ce innowacyjny pomys\u0142 dotycz\u0105cy us\u0142ug opieku\u0144czych dla os\u00f3b zale\u017cnych. Potencjalni grantobiorcy uzyskaj\u0105 wsparcie finansowe i merytoryczne w przetestowaniu innowacji spo\u0142ecznej.<\/p>\n<p>&nbsp;<\/p>\n<h2><strong>Jakie wsparcie mo\u017cna otrzyma\u0107?<\/strong><\/h2>\n<p>Wy\u0142onieni w otwartym konkursie grantobiorcy otrzymaj\u0105 wsparcie w postaci:<\/p>\n<p>&#8211; wsparcia doradczego i eksperckiego w przygotowaniu innowacji spo\u0142ecznej do testowania,<\/p>\n<p>&#8211; wsparcie finansowe w wysoko\u015bci do 60 000 z\u0142otych na pokrycie koszt\u00f3w testowania innowacji spo\u0142ecznej<\/p>\n<p>&#8211; wsparcie w postaci doradztwa, coachingu, mentoringu i wymiany dobrych praktyk w trakcie testowania innowacji spo\u0142ecznej<\/p>\n<p>&#8211; wsparcie w upowszechnieniu innowacji spo\u0142ecznej po zako\u0144czeniu testowania (wybrane innowacje spo\u0142eczne)<\/p>\n<p>&nbsp;<\/p>\n<h2><strong>Jakiej tematyki powinny dotyczy\u0107 innowacje spo\u0142eczne?<\/strong><\/h2>\n<p>&nbsp;<\/p>\n<p style=\"padding-left: 30px;\">&#8211; <strong>wsparcie rodzic\u00f3w i opiekun\u00f3w os\u00f3b niepe\u0142nosprawnych intelektualnie, zw\u0142aszcza po zako\u0144czeniu udzia\u0142u tych ostatnich w systemie edukacji<\/strong>. Poza systemem kszta\u0142cenia formalnego brakuje miejsc opieki instytucjonalnej nad takimi osobami. Prowadzi to do sytuacji, w kt\u00f3rej opiekunowie os\u00f3b niepe\u0142nosprawnych rezygnuj\u0105 z pracy zawodowej i \u017cycia osobistego na rzecz opieki nad nimi.<\/p>\n<p style=\"padding-left: 30px;\"><strong>&#8211; us\u0142ugi opieku\u0144czo \u2014 asystenckie w miejscu zamieszkania dla niepe\u0142nosprawnych os\u00f3b doros\u0142ych, pozbawionych mo\u017cliwo\u015bci wsparcia ze strony rodziny<\/strong> (aby unikn\u0105\u0107 umieszczania w instytucjonalnych formach opieki np. DPS). W szczeg\u00f3lno\u015bci wyst\u0119puje potrzeba organizacji zabezpieczenia prawno-organizacyjnego dla os\u00f3b zale\u017cnych na wypadek zniedo\u0142\u0119\u017cnienia lub \u015bmierci ich rodzic\u00f3w albo opiekun\u00f3w, a tak\u017ce wprowadzania rozwi\u0105za\u0144 \u015brodowiskowych w tym zakresie.<\/p>\n<p style=\"padding-left: 30px;\"><strong>&#8211;\u00a0 us\u0142ugi asystenckie dla os\u00f3b z niepe\u0142nosprawno\u015bci\u0105 w zakresie wybranych czynno\u015bci z \u017cycia spo\u0142ecznego i obywatelskiego<\/strong>, np. dla os\u00f3b niepe\u0142nosprawnych ruchowo, wzrokowo czy umys\u0142owo, kt\u00f3re s\u0105 samodzielne w codziennych czynno\u015bciach samoobs\u0142ugowych, ale z uwagi na swoje ograniczenia musz\u0105 szuka\u0107 pomocy np. przy zapoznawaniu si\u0119 z niekt\u00f3rymi dokumentami, ich redagowaniu, wype\u0142nianiu formularzy urz\u0119dowych i innych czynno\u015bciach biurowych.<\/p>\n<p style=\"padding-left: 30px;\">&#8211; <strong>inne, istotne problemy wyst\u0119puj\u0105ce w obszarze wsparcia os\u00f3b niepe\u0142nosprawnych<\/strong> i ich otoczenia powi\u0105zane z tematem &#8222;us\u0142ugi opieku\u0144cze dla os\u00f3b niepe\u0142nosprawnych&#8221;.<\/p>\n<p>Wnioskuj\u0105c o dofinansowanie nale\u017cy opisa\u0107 problem, na jaki ma odpowiada\u0107 innowacja spo\u0142eczna.Zgodno\u015b\u0107 projektu z tematem konkursu jest oceniana w toku oceny formalnej.<\/p>\n<h2><strong>W jaki spos\u00f3b mo\u017cna zg\u0142osi\u0107 sw\u00f3j pomys\u0142?<\/strong><\/h2>\n<p>W celu\u00a0zg\u0142oszenia swojego pomys\u0142u\u00a0nale\u017cy:<\/p>\n<ul>\n<li>zapozna\u0107 si\u0119 z <a href=\"http:\/\/www.innowacje.psoni.org.pl\/index.php\/procedury-grantowe\/\">zasadami naboru<\/a><\/li>\n<li>wype\u0142ni\u0107 wniosek i z\u0142o\u017cy\u0107 go poprzez <a href=\"http:\/\/www.innowacje.psoni.org.pl\/index.php\/generator\/\">generator<\/a><\/li>\n<\/ul>\n<p>&nbsp;<\/p>\n","protected":false},"excerpt":{"rendered":"","protected":false},"author":1,"featured_media":0,"parent":0,"menu_order":0,"comment_status":"closed","ping_status":"closed","template":"","meta":[],"_links":{"self":[{"href":"http:\/\/www.innowacje.psoni.org.pl\/index.php\/wp-json\/wp\/v2\/pages\/37"}],"collection":[{"href":"http:\/\/www.innowacje.psoni.org.pl\/index.php\/wp-json\/wp\/v2\/pages"}],"about":[{"href":"http:\/\/www.innowacje.psoni.org.pl\/index.php\/wp-json\/wp\/v2\/types\/page"}],"author":[{"embeddable":true,"href":"http:\/\/www.innowacje.psoni.org.pl\/index.php\/wp-json\/wp\/v2\/users\/1"}],"replies":[{"embeddable":true,"href":"http:\/\/www.innowacje.psoni.org.pl\/index.php\/wp-json\/wp\/v2\/comments?post=37"}],"version-history":[{"count":12,"href":"http:\/\/www.innowacje.psoni.org.pl\/index.php\/wp-json\/wp\/v2\/pages\/37\/revisions"}],"predecessor-version":[{"id":508,"href":"http:\/\/www.innowacje.psoni.org.pl\/index.php\/wp-json\/wp\/v2\/pages\/37\/revisions\/508"}],"wp:attachment":[{"href":"http:\/\/www.innowacje.psoni.org.pl\/index.php\/wp-json\/wp\/v2\/media?parent=37"}],"curies":[{"name":"wp","href":"https:\/\/api.w.org\/{rel}","templated":true}]}}