{"id":361,"date":"2016-09-19T15:00:23","date_gmt":"2016-09-19T13:00:23","guid":{"rendered":"http:\/\/www.innowacje.psoni.org.pl\/?page_id=361"},"modified":"2016-11-23T12:21:48","modified_gmt":"2016-11-23T11:21:48","slug":"rada-programowa","status":"publish","type":"page","link":"http:\/\/www.innowacje.psoni.org.pl\/index.php\/rada-programowa\/","title":{"rendered":"Rada Programowa"},"content":{"rendered":"<h2>RADA PROGRAMOWA<\/h2>\n<p><img decoding=\"async\" loading=\"lazy\" class=\" wp-image-359 alignleft\" src=\"http:\/\/www.innowacje.psoni.org.pl\/wp-content\/uploads\/2016\/09\/RADA-300x152.png\" alt=\"rada\" width=\"288\" height=\"146\" srcset=\"http:\/\/www.innowacje.psoni.org.pl\/wp-content\/uploads\/2016\/09\/RADA-300x152.png 300w, http:\/\/www.innowacje.psoni.org.pl\/wp-content\/uploads\/2016\/09\/RADA.png 707w\" sizes=\"(max-width: 288px) 100vw, 288px\" \/><\/p>\n<p>Polskie Stowarzyszenie na rzecz Os\u00f3b z Niepe\u0142nosprawno\u015bci\u0105 Intelektualn\u0105 jako Inkubator Innowacji Spo\u0142ecznych tworzy ekosystem sprzyjaj\u0105cy rozwojowi innowacji spo\u0142ecznych, czyli sprawnej sieci powi\u0105za\u0144 mi\u0119dzyludzkich i mi\u0119dzysektorowych, kt\u00f3re prowadz\u0105 do porozumienia wszystkich zainteresowanych co do istoty i potrzeby wdra\u017cania innowacji spo\u0142ecznych w zakresie us\u0142ug opieku\u0144czych dla os\u00f3b niepe\u0142nosprawnych.<\/p>\n<p>Naszym celem jest wykorzystanie dotychczasowych do\u015bwiadcze\u0144 i wsp\u00f3\u0142pracy z innymi podmiotami w celu zbudowania sieci dla rozwoju i upowszechnienia innowacji wypracowanych w ramach Inkubatora.<\/p>\n<p>Kierunki dzia\u0142ania ekosystemu nadawa\u0107 b\u0119dzie <strong>Rada Programowa<\/strong>, do kt\u00f3rej zaprosili\u015bmy przedstawicieli \u015bwiata nauki, administracji rz\u0105dowej oraz praktyk\u00f3w dzia\u0142aj\u0105cych na rzecz \u015brodowiska os\u00f3b z niepe\u0142nosprawno\u015bciami.<\/p>\n<p>W sk\u0142ad Rady Programowej wchodz\u0105:<\/p>\n<ol>\n<li><strong>Przewodnicz\u0105ca Rady Programowej: Joanna Janocha<\/strong>, wiceprezes Zarz\u0105du G\u0142\u00f3wnego PSONI<\/li>\n<li><strong>Dr med. Joanna Bugajska<\/strong>, kierownik Zak\u0142adu Ergonomii Centralnego Instytutu Ochrony Pracy \u2013 Pa\u0144stwowy Instytut Badawczy<\/li>\n<li><strong>Prof. dr hab. Anna Firkowska-Mankiewicz<\/strong>, Akademia Pedagogiki Specjalnej<\/li>\n<li><strong>Robert Kwiatkowski<\/strong>, Prezes Zarz\u0105du Pa\u0144stwowego Fundusze Rehabilitacji Os\u00f3b Niepe\u0142nosprawnych,<\/li>\n<li><strong>Krystyna Mrugalska<\/strong>, Prezes Honorowa PSONI<\/li>\n<li><strong>Miros\u0142aw Przewo\u017anik<\/strong>, dyrektor Biura Pe\u0142nomocnika Rz\u0105du ds. Os\u00f3b Niepe\u0142nosprawnych<\/li>\n<li><strong>Dr Bohdan Skrzypczak<\/strong>, prezes Stowarzyszenia Centrum Wspierania Aktywno\u015bci Lokalnej CAL; Laboratorium Innowacji Spo\u0142ecznych Uniwersytetu Warszawskiego<\/li>\n<li><strong>Dr Joanna Star\u0119ga-Piasek<\/strong>, zast\u0119pca dyrektora Instytutu Rozwoju S\u0142u\u017cb Spo\u0142ecznych<\/li>\n<li><strong>Alicja Szatkowska<\/strong> &#8211; \u00a0Polskie Forum Os\u00f3b Niepe\u0142nosprawnych, Milickie Stowarzyszenie Przyjaci\u00f3\u0142 Dzieci i Os\u00f3b Niepe\u0142nosprawnych.<\/li>\n<\/ol>\n","protected":false},"excerpt":{"rendered":"<p>RADA PROGRAMOWA Polskie Stowarzyszenie na rzecz Os\u00f3b z Niepe\u0142nosprawno\u015bci\u0105 Intelektualn\u0105 jako Inkubator Innowacji Spo\u0142ecznych tworzy ekosystem sprzyjaj\u0105cy rozwojowi innowacji spo\u0142ecznych, czyli sprawnej sieci powi\u0105za\u0144 mi\u0119dzyludzkich i mi\u0119dzysektorowych, kt\u00f3re prowadz\u0105 do porozumienia wszystkich zainteresowanych co do istoty i potrzeby wdra\u017cania innowacji<\/p>\n","protected":false},"author":1,"featured_media":0,"parent":0,"menu_order":0,"comment_status":"closed","ping_status":"closed","template":"","meta":[],"_links":{"self":[{"href":"http:\/\/www.innowacje.psoni.org.pl\/index.php\/wp-json\/wp\/v2\/pages\/361"}],"collection":[{"href":"http:\/\/www.innowacje.psoni.org.pl\/index.php\/wp-json\/wp\/v2\/pages"}],"about":[{"href":"http:\/\/www.innowacje.psoni.org.pl\/index.php\/wp-json\/wp\/v2\/types\/page"}],"author":[{"embeddable":true,"href":"http:\/\/www.innowacje.psoni.org.pl\/index.php\/wp-json\/wp\/v2\/users\/1"}],"replies":[{"embeddable":true,"href":"http:\/\/www.innowacje.psoni.org.pl\/index.php\/wp-json\/wp\/v2\/comments?post=361"}],"version-history":[{"count":6,"href":"http:\/\/www.innowacje.psoni.org.pl\/index.php\/wp-json\/wp\/v2\/pages\/361\/revisions"}],"predecessor-version":[{"id":422,"href":"http:\/\/www.innowacje.psoni.org.pl\/index.php\/wp-json\/wp\/v2\/pages\/361\/revisions\/422"}],"wp:attachment":[{"href":"http:\/\/www.innowacje.psoni.org.pl\/index.php\/wp-json\/wp\/v2\/media?parent=361"}],"curies":[{"name":"wp","href":"https:\/\/api.w.org\/{rel}","templated":true}]}}